{"id":83,"date":"2016-12-19T12:06:42","date_gmt":"2016-12-19T12:06:42","guid":{"rendered":"http:\/\/superfood.elated-themes.com\/?post_type=product&#038;p=83"},"modified":"2025-11-05T23:08:13","modified_gmt":"2025-11-05T20:08:13","slug":"visine-in-ciocolata-alba","status":"publish","type":"product","link":"https:\/\/lefrucom.com\/ro\/shop\/dragee\/visine-in-ciocolata-alba\/","title":{"rendered":"Vi\u0219ine \u00een ciocolat\u0103 alb\u0103"},"content":{"rendered":"<p>[vc_row][vc_column][vc_column_text]<strong>DRAJEURI CU VI\u0218INE USCATE \u00ceN GLAZUR\u0102 DE COFET\u0102RIE ALB\u0102<\/strong><\/p>\n<p><strong>INGREDIENTE:<\/strong> vi\u0219ine uscate f\u0103r\u0103 s\u00e2mburi, glazur\u0103 de cofet\u0103rie alb\u0103 (zah\u0103r, gr\u0103simi vegetale rafinate \u0219i total hidrogenate (din s\u00e2mburi de palmier), lapte praf degresat, lapte praf integral, praf de zer ducle, emulgator: lecitin\u0103 de soia (E322), aromatizator identic natural: vanilin\u0103).<\/p>\n<p><strong>CONDI\u021aII DE P\u0102STRARE:<\/strong> la temperatura de la 15..21\u00b0C<\/p>\n<p><strong>UMIDITATE RELATIV\u0102:<\/strong> 75% max.<\/p>\n<p><strong>A SE CONSUMA P\u00c2N\u0102 L<\/strong>A: vezi pe ambalaj.<\/p>\n<p><strong>TERMEN DE VALABILITATE:<\/strong> 6 luni.<\/p>\n<p><span style=\"color: #ff0000;\"><strong>!ATEN\u021aIE: <\/strong><\/span><strong>Corpurile de fructe pot con\u021bine izolat s\u00e2mburi sau fragmente de s\u00e2mburi.<\/strong><\/p>\n<p>[\/vc_column_text][\/vc_column][\/vc_row]<\/p>","protected":false},"excerpt":{"rendered":"<p>Vi\u0219inele uscate sunt o gustare delicioas\u0103 \u00eentre mese, dar c\u00e2nd acestea sunt acoperite cu ciocolat\u0103 alb\u0103 sau neagr\u0103, distrac\u021bia gastronomic\u0103 abia \u00eencepe. Caracterul dulce fructat \u0219i suculent al vi\u0219inei rezult\u0103 \u00eentr-o explozie de gust de neegalat, \u00eenso\u021bit\u0103 de aroma ciocolatei crocante.<\/p>\n","protected":false},"featured_media":12796,"template":"","meta":{"inline_featured_image":false},"product_cat":[97],"product_tag":[],"class_list":["post-83","product","type-product","status-publish","has-post-thumbnail","hentry","product_cat-dragee","pa_weight-92","pa_weight-93"],"_links":{"self":[{"href":"https:\/\/lefrucom.com\/ro\/wp-json\/wp\/v2\/product\/83","targetHints":{"allow":["GET"]}}],"collection":[{"href":"https:\/\/lefrucom.com\/ro\/wp-json\/wp\/v2\/product"}],"about":[{"href":"https:\/\/lefrucom.com\/ro\/wp-json\/wp\/v2\/types\/product"}],"wp:featuredmedia":[{"embeddable":true,"href":"https:\/\/lefrucom.com\/ro\/wp-json\/wp\/v2\/media\/12796"}],"wp:attachment":[{"href":"https:\/\/lefrucom.com\/ro\/wp-json\/wp\/v2\/media?parent=83"}],"wp:term":[{"taxonomy":"product_cat","embeddable":true,"href":"https:\/\/lefrucom.com\/ro\/wp-json\/wp\/v2\/product_cat?post=83"},{"taxonomy":"product_tag","embeddable":true,"href":"https:\/\/lefrucom.com\/ro\/wp-json\/wp\/v2\/product_tag?post=83"}],"curies":[{"name":"wp","href":"https:\/\/api.w.org\/{rel}","templated":true}]}}