{"id":178,"date":"2016-12-19T13:09:40","date_gmt":"2016-12-19T13:09:40","guid":{"rendered":"http:\/\/superfood.elated-themes.com\/?post_type=product&#038;p=178"},"modified":"2025-11-05T23:11:41","modified_gmt":"2025-11-05T20:11:41","slug":"dried-apples-in-black-chocolate","status":"publish","type":"product","link":"https:\/\/lefrucom.com\/ro\/shop\/fruits-in-chocolate\/dried-apples-in-black-chocolate\/","title":{"rendered":"Mere \u00een ciocolat\u0103 neagr\u0103\u200b"},"content":{"rendered":"<p>[vc_row][vc_column][vc_column_text]RONDELE DE MERE USCATE \u00ceN GLAZUR\u0102 DE COFET\u0102RIE NEAGR\u0102<\/p>\n<p>INGREDIENTE:\u00a0 mere uscate rondele (antioxidant: metabisulfit de sodiu E223), glazur\u0103 de cofet\u0103rie neagr\u0103 (zah\u0103r, gr\u0103simi vegetale rafinate \u0219i total hidrogenate (din s\u00e2mburi de palmier), pudr\u0103 de cacao cu con\u021binut redus de gr\u0103sime, emulgator: lecitin\u0103 de soia (E322), aromatizator identic natural: vanilin\u0103).\u200b<\/p>\n<p>CONDI\u021aII DE P\u0102STRARE: la temperatura de la 15..21\u00b0C<\/p>\n<p>UMIDITATE RELATIV\u0102: 75% max.<\/p>\n<p>A SE CONSUMA P\u00c2N\u0102 LA: vezi pe ambalaj.<\/p>\n<p>TERMEN DE VALABILITATE: 6 luni.<\/p>\n<p>ATEN\u021aIE: Corpurile de fructe pot con\u021bine izolat s\u00e2mburi sau fragmente de s\u00e2mburi.[\/vc_column_text][\/vc_column][\/vc_row]<\/p>","protected":false},"excerpt":{"rendered":"<p>Dar de ce s\u0103 nu \u00eencerci merele dintr-un unghi complet diferit? Inelele de mere uscate, \u00eenvelite \u00een ciocolat\u0103 neagr\u0103 sunt un deliciu care te face s\u0103 experimentezi senza\u021bii total<br \/>\ndiferite!<\/p>\n","protected":false},"featured_media":12757,"template":"","meta":{"inline_featured_image":false},"product_cat":[43],"product_tag":[],"class_list":["post-178","product","type-product","status-publish","has-post-thumbnail","hentry","product_cat-fruits-in-chocolate","pa_weight-92","pa_weight-93"],"_links":{"self":[{"href":"https:\/\/lefrucom.com\/ro\/wp-json\/wp\/v2\/product\/178","targetHints":{"allow":["GET"]}}],"collection":[{"href":"https:\/\/lefrucom.com\/ro\/wp-json\/wp\/v2\/product"}],"about":[{"href":"https:\/\/lefrucom.com\/ro\/wp-json\/wp\/v2\/types\/product"}],"wp:featuredmedia":[{"embeddable":true,"href":"https:\/\/lefrucom.com\/ro\/wp-json\/wp\/v2\/media\/12757"}],"wp:attachment":[{"href":"https:\/\/lefrucom.com\/ro\/wp-json\/wp\/v2\/media?parent=178"}],"wp:term":[{"taxonomy":"product_cat","embeddable":true,"href":"https:\/\/lefrucom.com\/ro\/wp-json\/wp\/v2\/product_cat?post=178"},{"taxonomy":"product_tag","embeddable":true,"href":"https:\/\/lefrucom.com\/ro\/wp-json\/wp\/v2\/product_tag?post=178"}],"curies":[{"name":"wp","href":"https:\/\/api.w.org\/{rel}","templated":true}]}}