{"id":166,"date":"2016-12-19T13:02:17","date_gmt":"2016-12-19T13:02:17","guid":{"rendered":"http:\/\/superfood.elated-themes.com\/?post_type=product&#038;p=166"},"modified":"2025-11-05T23:12:12","modified_gmt":"2025-11-05T20:12:12","slug":"caise-in-ciocolata-alba","status":"publish","type":"product","link":"https:\/\/lefrucom.com\/ro\/shop\/bomboane\/caise-in-ciocolata-alba\/","title":{"rendered":"Caise \u00een ciocolat\u0103 alb\u0103"},"content":{"rendered":"<p><strong>BOMBOANE CU CAISE USCATE \u00ceN GLAZUR\u0102 DE COFET\u0102RIE ALB\u0102<\/strong><\/p>\n<p><strong>INGREDIENTE:<\/strong> caise uscate f\u0103r\u0103 s\u00e2mburi, glazur\u0103 de cofet\u0103rie alb\u0103 (zah\u0103r, gr\u0103simi vegetale rafinate \u0219i total hidrogenate (din s\u00e2mburi de palmier), lapte praf degresat, lapte praf integral, praf de zer dulce, emulgator: lecitin\u0103 de soia (E322), aromatizator identic natural: vanilin\u0103).<\/p>\n<p><strong>CONDI\u021aII DE P\u0102STRARE:<\/strong> la temperatura de la 15..21\u00b0C<\/p>\n<p><strong>UMIDITATE RELATIV\u0102:<\/strong> 75% max.<\/p>\n<p><strong>A SE CONSUMA P\u00c2N\u0102 L<\/strong>A: vezi pe ambalaj.<\/p>\n<p><strong>TERMEN DE VALABILITATE:<\/strong> 6 luni.<\/p>\n<p><span style=\"color: #ff0000;\"><strong>!ATEN\u021aIE: <\/strong><\/span><strong>Corpurile de fructe pot con\u021bine izolat s\u00e2mburi sau fragmente de s\u00e2mburi.<\/strong><\/p>","protected":false},"excerpt":{"rendered":"<p>\u041e por\u021bie de energie solar\u0103 \u00eenvelit\u0103 \u00eentr-un strat delicat de ciocolat\u0103 alb\u0103, acestea sunt caisele noastre! Gustul nemaipomenit al caiselor coapte, combinat cu gustul unic al ciocolatei rafinate, reprezint\u0103 un fel aparte de \u00eenc\u00e2ntare culinar\u0103.<\/p>\n","protected":false},"featured_media":12841,"template":"","meta":{"inline_featured_image":false},"product_cat":[44],"product_tag":[],"class_list":["post-166","product","type-product","status-publish","has-post-thumbnail","hentry","product_cat-bomboane","pa_weight-92","pa_weight-93"],"_links":{"self":[{"href":"https:\/\/lefrucom.com\/ro\/wp-json\/wp\/v2\/product\/166","targetHints":{"allow":["GET"]}}],"collection":[{"href":"https:\/\/lefrucom.com\/ro\/wp-json\/wp\/v2\/product"}],"about":[{"href":"https:\/\/lefrucom.com\/ro\/wp-json\/wp\/v2\/types\/product"}],"wp:featuredmedia":[{"embeddable":true,"href":"https:\/\/lefrucom.com\/ro\/wp-json\/wp\/v2\/media\/12841"}],"wp:attachment":[{"href":"https:\/\/lefrucom.com\/ro\/wp-json\/wp\/v2\/media?parent=166"}],"wp:term":[{"taxonomy":"product_cat","embeddable":true,"href":"https:\/\/lefrucom.com\/ro\/wp-json\/wp\/v2\/product_cat?post=166"},{"taxonomy":"product_tag","embeddable":true,"href":"https:\/\/lefrucom.com\/ro\/wp-json\/wp\/v2\/product_tag?post=166"}],"curies":[{"name":"wp","href":"https:\/\/api.w.org\/{rel}","templated":true}]}}