{"id":161,"date":"2016-12-19T12:59:53","date_gmt":"2016-12-19T12:59:53","guid":{"rendered":"http:\/\/superfood.elated-themes.com\/?post_type=product&#038;p=161"},"modified":"2025-11-05T23:12:49","modified_gmt":"2025-11-05T20:12:49","slug":"visine-in-ciocolata-neagra","status":"publish","type":"product","link":"https:\/\/lefrucom.com\/ro\/shop\/dragee\/visine-in-ciocolata-neagra\/","title":{"rendered":"Vi\u0219ine \u00een ciocolat\u0103 neagr\u0103"},"content":{"rendered":"<p><strong>DRAJEURI CU VI\u0218INE USCATE \u00ceN GLAZUR\u0102 DE COFET\u0102RIE NEAGR\u0102<\/strong><\/p>\n<p><strong>INGREDIENTE:<\/strong> vi\u0219ine uscate f\u0103r\u0103 s\u00e2mburi, glazur\u0103 de cofet\u0103rie neagr\u0103 (zah\u0103r, gr\u0103simi vegetale rafinate \u0219i total hidrogenate (din s\u00e2mburi de palmier), pudr\u0103 de cacao cu con\u021binut redus de gr\u0103sime, emulgator: lecitin\u0103 de soia (E322), aromatizator identic natural: vanilin\u0103).<br \/>\n<strong>CONDI\u021aII DE P\u0102STRARE:<\/strong> la temperatura de la 15..21\u00b0C<\/p>\n<p><strong>UMIDITATE RELATIV\u0102:<\/strong> 75% max.<\/p>\n<p><strong>A SE CONSUMA P\u00c2N\u0102 L<\/strong>A: vezi pe ambalaj.<\/p>\n<p><strong>TERMEN DE VALABILITATE:<\/strong> 6 luni.<\/p>\n<p><span style=\"color: #ff0000;\"><strong>!ATEN\u021aIE: <\/strong><\/span><strong>Corpurile de fructe pot con\u021bine izolat s\u00e2mburi sau fragmente de s\u00e2mburi.<\/strong><\/p>\n<p><strong>\u00a0<\/strong><\/p>","protected":false},"excerpt":{"rendered":"<p>Vi\u0219inele uscate sunt o gustare delicioas\u0103 \u00eentre mese, dar c\u00e2nd acestea sunt acoperite cu ciocolat\u0103 neagr\u0103, distrac\u021bia gastronomic\u0103 abia \u00eencepe. Caracterul dulce fructat \u0219i suculent al vi\u0219inei rezult\u0103 \u00eentr-o explozie de gust de neegalat, \u00eenso\u021bit\u0103 de aroma ciocolatei crocante.<\/p>\n","protected":false},"featured_media":12791,"template":"","meta":{"inline_featured_image":false},"product_cat":[97],"product_tag":[],"class_list":["post-161","product","type-product","status-publish","has-post-thumbnail","hentry","product_cat-dragee","pa_weight-92","pa_weight-93"],"_links":{"self":[{"href":"https:\/\/lefrucom.com\/ro\/wp-json\/wp\/v2\/product\/161","targetHints":{"allow":["GET"]}}],"collection":[{"href":"https:\/\/lefrucom.com\/ro\/wp-json\/wp\/v2\/product"}],"about":[{"href":"https:\/\/lefrucom.com\/ro\/wp-json\/wp\/v2\/types\/product"}],"wp:featuredmedia":[{"embeddable":true,"href":"https:\/\/lefrucom.com\/ro\/wp-json\/wp\/v2\/media\/12791"}],"wp:attachment":[{"href":"https:\/\/lefrucom.com\/ro\/wp-json\/wp\/v2\/media?parent=161"}],"wp:term":[{"taxonomy":"product_cat","embeddable":true,"href":"https:\/\/lefrucom.com\/ro\/wp-json\/wp\/v2\/product_cat?post=161"},{"taxonomy":"product_tag","embeddable":true,"href":"https:\/\/lefrucom.com\/ro\/wp-json\/wp\/v2\/product_tag?post=161"}],"curies":[{"name":"wp","href":"https:\/\/api.w.org\/{rel}","templated":true}]}}