{"id":152,"date":"2016-12-19T12:54:38","date_gmt":"2016-12-19T12:54:38","guid":{"rendered":"http:\/\/superfood.elated-themes.com\/?post_type=product&#038;p=152"},"modified":"2025-11-05T23:11:07","modified_gmt":"2025-11-05T20:11:07","slug":"mere-in-ciocolata-alba","status":"publish","type":"product","link":"https:\/\/lefrucom.com\/ro\/shop\/fruits-in-chocolate\/mere-in-ciocolata-alba\/","title":{"rendered":"Mere \u00een ciocolat\u0103 alb\u0103"},"content":{"rendered":"<p><strong>RONDELE DE MERE USCATE \u00ceN GLAZUR\u0102 DE COFET\u0102RIE ALB\u0102<\/strong><\/p>\n<p><strong>INGREDIENTE:<\/strong> mere uscate rondele (antioxidant: metabisulfit de sodiu E223), glazur\u0103 de cofet\u0103rie alb\u0103 (zah\u0103r, gr\u0103simi vegetale rafinate \u0219i total hidrogenate (din s\u00e2mburi de palmier), lapte praf degresat, lapte praf integral, praf de zer dulce, emulgator: lecitin\u0103 de soia (E322), aromatizator identic natural: vanilin\u0103).<br \/>\n<strong>CONDI\u021aII DE P\u0102STRARE:<\/strong> la temperatura de la 15..21\u00b0C<\/p>\n<p><strong>UMIDITATE RELATIV\u0102:<\/strong> 75% max.<\/p>\n<p><strong>A SE CONSUMA P\u00c2N\u0102 L<\/strong>A: vezi pe ambalaj.<\/p>\n<p><strong>TERMEN DE VALABILITATE:<\/strong> 6 luni.<\/p>\n<p><span style=\"color: #ff0000;\"><strong>!ATEN\u021aIE: <\/strong><\/span><strong>Corpurile de fructe pot con\u021bine izolat s\u00e2mburi sau fragmente de s\u00e2mburi.<\/strong><\/p>","protected":false},"excerpt":{"rendered":"<p>Dar de ce s\u0103 nu \u00eencerci merele dintr-un unghi complet diferit? Inelele de mere uscate, \u00eenvelite \u00een ciocolat\u0103 alb\u0103 sunt un deliciu care te face s\u0103 experimentezi senza\u021bii total diferite!<\/p>\n","protected":false},"featured_media":12782,"template":"","meta":{"inline_featured_image":false},"product_cat":[43],"product_tag":[],"class_list":["post-152","product","type-product","status-publish","has-post-thumbnail","hentry","product_cat-fruits-in-chocolate","pa_weight-92","pa_weight-93"],"_links":{"self":[{"href":"https:\/\/lefrucom.com\/ro\/wp-json\/wp\/v2\/product\/152","targetHints":{"allow":["GET"]}}],"collection":[{"href":"https:\/\/lefrucom.com\/ro\/wp-json\/wp\/v2\/product"}],"about":[{"href":"https:\/\/lefrucom.com\/ro\/wp-json\/wp\/v2\/types\/product"}],"wp:featuredmedia":[{"embeddable":true,"href":"https:\/\/lefrucom.com\/ro\/wp-json\/wp\/v2\/media\/12782"}],"wp:attachment":[{"href":"https:\/\/lefrucom.com\/ro\/wp-json\/wp\/v2\/media?parent=152"}],"wp:term":[{"taxonomy":"product_cat","embeddable":true,"href":"https:\/\/lefrucom.com\/ro\/wp-json\/wp\/v2\/product_cat?post=152"},{"taxonomy":"product_tag","embeddable":true,"href":"https:\/\/lefrucom.com\/ro\/wp-json\/wp\/v2\/product_tag?post=152"}],"curies":[{"name":"wp","href":"https:\/\/api.w.org\/{rel}","templated":true}]}}