{"id":131,"date":"2016-12-19T12:20:57","date_gmt":"2016-12-19T12:20:57","guid":{"rendered":"http:\/\/superfood.elated-themes.com\/?post_type=product&#038;p=131"},"modified":"2025-11-05T23:10:33","modified_gmt":"2025-11-05T20:10:33","slug":"mere-uscate-rondele-cu-coaja","status":"publish","type":"product","link":"https:\/\/lefrucom.com\/ro\/shop\/dried-fruits\/mere-uscate-rondele-cu-coaja\/","title":{"rendered":"Mere uscate rondele cu coaj\u0103"},"content":{"rendered":"<p><strong>INGREDIENTE<\/strong>: mere uscate rondele, antioxidant: metabisulfite de sodiu (E223).<\/p>\n<p><strong>CONDI\u021aII DE P\u0102STRARE:<\/strong> la temperatura de la 5 la 20\u00b0C<\/p>\n<p><strong>UMIDITATE RELATIV\u0102:<\/strong> 70% max<\/p>\n<p><strong>A SE CONSUMA P\u00c2N\u0102 LA<\/strong>: vezi pe ambalaj<\/p>\n<p><strong>TERMEN DE VALABILITATE:<\/strong> 12 luni<\/p>\n<p><strong><span style=\"color: #ff0000;\">!ATEN\u021aIE:<\/span> <\/strong>Corpurile de fructe pot con\u021bine izolat s\u00e2mburi sau fragmente de s\u00e2mburi.<\/p>\n<p>&nbsp;<\/p>","protected":false},"excerpt":{"rendered":"<p>\u041c\u0435\u0433\u0435 deshidratate f\u0103r\u0103 adaos de zah\u0103r, arome sau al\u021bi aditivi. Folosind un proces de uscare complet natural, aerul cald este suflat peste feliile de fructe ore \u0219i ore p\u00e2n\u0103 c\u00e2nd devin crocante \u0219i deliciose.<\/p>\n<p>&nbsp;<\/p>\n","protected":false},"featured_media":12749,"template":"","meta":{"inline_featured_image":false},"product_cat":[42],"product_tag":[],"class_list":["post-131","product","type-product","status-publish","has-post-thumbnail","hentry","product_cat-dried-fruits","pa_weight-96"],"_links":{"self":[{"href":"https:\/\/lefrucom.com\/ro\/wp-json\/wp\/v2\/product\/131","targetHints":{"allow":["GET"]}}],"collection":[{"href":"https:\/\/lefrucom.com\/ro\/wp-json\/wp\/v2\/product"}],"about":[{"href":"https:\/\/lefrucom.com\/ro\/wp-json\/wp\/v2\/types\/product"}],"wp:featuredmedia":[{"embeddable":true,"href":"https:\/\/lefrucom.com\/ro\/wp-json\/wp\/v2\/media\/12749"}],"wp:attachment":[{"href":"https:\/\/lefrucom.com\/ro\/wp-json\/wp\/v2\/media?parent=131"}],"wp:term":[{"taxonomy":"product_cat","embeddable":true,"href":"https:\/\/lefrucom.com\/ro\/wp-json\/wp\/v2\/product_cat?post=131"},{"taxonomy":"product_tag","embeddable":true,"href":"https:\/\/lefrucom.com\/ro\/wp-json\/wp\/v2\/product_tag?post=131"}],"curies":[{"name":"wp","href":"https:\/\/api.w.org\/{rel}","templated":true}]}}