{"id":12911,"date":"2023-03-16T06:46:27","date_gmt":"2023-03-16T03:46:27","guid":{"rendered":"https:\/\/lefrucom.com\/?post_type=product&#038;p=12911"},"modified":"2025-11-05T22:57:11","modified_gmt":"2025-11-05T19:57:11","slug":"tomate-uscate","status":"publish","type":"product","link":"https:\/\/lefrucom.com\/ro\/shop\/dried-vegetables\/tomate-uscate\/","title":{"rendered":"Tomate uscate"},"content":{"rendered":"<p><strong>DRIED SLICED TOMATOES <\/strong><\/p>\n<p><strong>COMPOSITION: <\/strong>\u00a0dried tomatoes<\/p>\n<p><strong>STORAGE CONDITIONS: <\/strong>temperature between 5..20\u00b0C<\/p>\n<p><strong>RELATIVE HUMIDITY: <\/strong>max. 70%<\/p>\n<p><strong>USE TO: <\/strong>look at the packaging<\/p>\n<p><strong>EXPIRATION DATE: <\/strong>12 months<\/p>\n<p><span style=\"color: #ff0000;\"><strong>!ATTENTION:<\/strong><\/span> <strong>Some pieces of<\/strong><\/p>","protected":false},"excerpt":{"rendered":"<p>Tomate uscate f\u0103r\u0103 adaos de sare, t\u0103iate felii. F\u0103r\u0103 ulei \u0219i f\u0103r\u0103 aditivi &#8211; pentru o experien\u021b\u0103 gustativ\u0103 pur\u0103.<\/p>\n","protected":false},"featured_media":12916,"template":"","meta":{"inline_featured_image":false},"product_cat":[15],"product_tag":[],"class_list":["post-12911","product","type-product","status-publish","has-post-thumbnail","hentry","product_cat-dried-vegetables","pa_weight-92"],"_links":{"self":[{"href":"https:\/\/lefrucom.com\/ro\/wp-json\/wp\/v2\/product\/12911","targetHints":{"allow":["GET"]}}],"collection":[{"href":"https:\/\/lefrucom.com\/ro\/wp-json\/wp\/v2\/product"}],"about":[{"href":"https:\/\/lefrucom.com\/ro\/wp-json\/wp\/v2\/types\/product"}],"wp:featuredmedia":[{"embeddable":true,"href":"https:\/\/lefrucom.com\/ro\/wp-json\/wp\/v2\/media\/12916"}],"wp:attachment":[{"href":"https:\/\/lefrucom.com\/ro\/wp-json\/wp\/v2\/media?parent=12911"}],"wp:term":[{"taxonomy":"product_cat","embeddable":true,"href":"https:\/\/lefrucom.com\/ro\/wp-json\/wp\/v2\/product_cat?post=12911"},{"taxonomy":"product_tag","embeddable":true,"href":"https:\/\/lefrucom.com\/ro\/wp-json\/wp\/v2\/product_tag?post=12911"}],"curies":[{"name":"wp","href":"https:\/\/api.w.org\/{rel}","templated":true}]}}