{"id":12898,"date":"2023-03-15T23:28:47","date_gmt":"2023-03-15T20:28:47","guid":{"rendered":"https:\/\/lefrucom.com\/?post_type=product&#038;p=12898"},"modified":"2025-11-05T23:01:18","modified_gmt":"2025-11-05T20:01:18","slug":"cirese-uscate-fara-samburi","status":"publish","type":"product","link":"https:\/\/lefrucom.com\/ro\/shop\/dried-fruits\/cirese-uscate-fara-samburi\/","title":{"rendered":"Cire\u0219e uscate f\u0103r\u0103 s\u00e2mburi"},"content":{"rendered":"<p><strong>CIRE\u0218E \u00ceNTREGI F\u0102R\u0102 S\u00c2MBURI, USCATE, NEPRELUCRATE<\/strong><\/p>\n<p><strong>INGREDIENTE:<\/strong> cire\u0219e uscate f\u0103r\u0103 s\u00e2mburi<\/p>\n<p><strong>CONDI\u021aII DE P\u0102STRARE:<\/strong> la temperatura de la 5 la 20\u00b0C<\/p>\n<p><strong>UMIDITATE RELATIV\u0102:<\/strong> 70% max<\/p>\n<p><strong>A SE CONSUMA P\u00c2N\u0102 L<\/strong>A: vezi pe ambalaj<\/p>\n<p><strong>TERMEN DE VALABILITATE:<\/strong> 12 luni<\/p>\n<p><strong><span style=\"color: #ff0000;\">!ATEN\u021aIE:<\/span> <\/strong><strong>Corpurile de fructe pot con\u021bine izolat s\u00e2mburi sau fragmente de s\u00e2mburi.<\/strong><\/p>","protected":false},"excerpt":{"rendered":"<p>\u0421ire\u0219e deshidratate, f\u0103r\u0103 adaos de zah\u0103r, arome sau al\u021bi aditivi, pot fi consumate drept gust\u0103ri direct din pung\u0103. Sunt, de asemenea, un ingredient extraordinar \u00een panifica\u021bie &#8211; \u00een special \u00een pr\u0103jituri \u0219i alte produse de patiserie.<\/p>\n<p>&nbsp;<\/p>\n","protected":false},"featured_media":12902,"template":"","meta":{"inline_featured_image":false},"product_cat":[42],"product_tag":[],"class_list":["post-12898","product","type-product","status-publish","has-post-thumbnail","hentry","product_cat-dried-fruits","pa_weight-92"],"_links":{"self":[{"href":"https:\/\/lefrucom.com\/ro\/wp-json\/wp\/v2\/product\/12898","targetHints":{"allow":["GET"]}}],"collection":[{"href":"https:\/\/lefrucom.com\/ro\/wp-json\/wp\/v2\/product"}],"about":[{"href":"https:\/\/lefrucom.com\/ro\/wp-json\/wp\/v2\/types\/product"}],"wp:featuredmedia":[{"embeddable":true,"href":"https:\/\/lefrucom.com\/ro\/wp-json\/wp\/v2\/media\/12902"}],"wp:attachment":[{"href":"https:\/\/lefrucom.com\/ro\/wp-json\/wp\/v2\/media?parent=12898"}],"wp:term":[{"taxonomy":"product_cat","embeddable":true,"href":"https:\/\/lefrucom.com\/ro\/wp-json\/wp\/v2\/product_cat?post=12898"},{"taxonomy":"product_tag","embeddable":true,"href":"https:\/\/lefrucom.com\/ro\/wp-json\/wp\/v2\/product_tag?post=12898"}],"curies":[{"name":"wp","href":"https:\/\/api.w.org\/{rel}","templated":true}]}}