{"id":12891,"date":"2023-03-15T23:21:51","date_gmt":"2023-03-15T20:21:51","guid":{"rendered":"https:\/\/lefrucom.com\/?post_type=product&#038;p=12891"},"modified":"2025-11-05T23:02:11","modified_gmt":"2025-11-05T20:02:11","slug":"castraveti-murati-uscati","status":"publish","type":"product","link":"https:\/\/lefrucom.com\/ro\/shop\/dried-vegetables\/castraveti-murati-uscati\/","title":{"rendered":"Castrave\u021bi mura\u021bi usca\u021bi"},"content":{"rendered":"<p><strong>CASTRAVE\u021aI MURA\u021aI USCA\u021aI<\/strong><\/p>\n<p><strong>INGREDIENTE:<\/strong> castrave\u021bi mura\u021bi usca\u021bi<br \/>\n<strong>CONDI\u021aII DE P\u0102STRARE:<\/strong> la temperatura de la 5 la 20\u00b0C<\/p>\n<p><strong>UMIDITATE RELATIV\u0102:<\/strong> 70% max<\/p>\n<p><strong>A SE CONSUMA P\u00c2N\u0102 L<\/strong>A: vezi pe ambalaj<\/p>\n<p><strong>TERMEN DE VALABILITATE:<\/strong> 12 luni<\/p>\n<p><strong><span style=\"color: #ff0000;\">!ATEN\u021aIE:<\/span> <\/strong><strong>Corpurile de fructe pot con\u021bine izolat s\u00e2mburi sau fragmente de s\u00e2mburi.<\/strong><\/p>","protected":false},"excerpt":{"rendered":"<p>Castrave\u021bii mura\u021bi usca\u021bi sunt un know-how implementat de c\u0103tre compania noastr\u0103. Ei au o \u00eentrebuin\u021bare larg\u0103 \u00een industria alimentar\u0103, astfel sunt folosi\u021bi \u00een produc\u021bia de paste, br\u00e2nzeturi \u0219i condimente.<\/p>\n<p>Ace\u0219tia pot fi consuma\u021bi ca o gustare separat\u0103 sau ad\u0103uga\u021bi la diverse preparate, cum ar fi salatele, sandwich-urile sau supele. Castrave\u021bii mura\u021bi usca\u021bi sunt, de asemenea, utiliza\u021bi \u00een buc\u0103t\u0103ria asiatic\u0103 ca ingredient \u00een diverse preparate culinare, cum ar fi stir-fry-ul sau sushi-ul.<\/p>\n","protected":false},"featured_media":12894,"template":"","meta":{"inline_featured_image":false},"product_cat":[15],"product_tag":[],"class_list":["post-12891","product","type-product","status-publish","has-post-thumbnail","hentry","product_cat-dried-vegetables","pa_weight-92"],"_links":{"self":[{"href":"https:\/\/lefrucom.com\/ro\/wp-json\/wp\/v2\/product\/12891","targetHints":{"allow":["GET"]}}],"collection":[{"href":"https:\/\/lefrucom.com\/ro\/wp-json\/wp\/v2\/product"}],"about":[{"href":"https:\/\/lefrucom.com\/ro\/wp-json\/wp\/v2\/types\/product"}],"wp:featuredmedia":[{"embeddable":true,"href":"https:\/\/lefrucom.com\/ro\/wp-json\/wp\/v2\/media\/12894"}],"wp:attachment":[{"href":"https:\/\/lefrucom.com\/ro\/wp-json\/wp\/v2\/media?parent=12891"}],"wp:term":[{"taxonomy":"product_cat","embeddable":true,"href":"https:\/\/lefrucom.com\/ro\/wp-json\/wp\/v2\/product_cat?post=12891"},{"taxonomy":"product_tag","embeddable":true,"href":"https:\/\/lefrucom.com\/ro\/wp-json\/wp\/v2\/product_tag?post=12891"}],"curies":[{"name":"wp","href":"https:\/\/api.w.org\/{rel}","templated":true}]}}