{"id":12884,"date":"2023-03-15T22:12:47","date_gmt":"2023-03-15T19:12:47","guid":{"rendered":"https:\/\/lefrucom.com\/?post_type=product&#038;p=12884"},"modified":"2025-11-05T23:02:52","modified_gmt":"2025-11-05T20:02:52","slug":"gutui-uscate-cuburi","status":"publish","type":"product","link":"https:\/\/lefrucom.com\/ro\/shop\/dried-fruits\/gutui-uscate-cuburi\/","title":{"rendered":"Gutui uscate cuburi"},"content":{"rendered":"<p><strong>GUTUI T\u0102IATE CUBURI, USCAT<\/strong><strong>\u0415<\/strong><strong>, PRELUCRATE<\/strong><\/p>\n<p><strong>INGREDIENTE:<\/strong> gutui, t\u0103iate cuburi, uscate, antioxidant: metabisulfite de sodiu (E223).<\/p>\n<p><strong>CONDI\u021aII DE P\u0102STRARE:<\/strong> la temperatura de la 5 la 20\u00b0C<\/p>\n<p><strong>UMIDITATE RELATIV\u0102:<\/strong> 70% max<\/p>\n<p><strong>A SE CONSUMA P\u00c2N\u0102 L<\/strong>A: vezi pe ambalaj<\/p>\n<p><strong>TERMEN DE VALABILITATE:<\/strong> 12 luni<\/p>\n<p><strong><span style=\"color: #ff0000;\">!ATEN\u021aIE:<\/span> <\/strong><strong>Corpurile de fructe pot con\u021bine izolat s\u00e2mburi sau fragmente de s\u00e2mburi.<\/strong><\/p>\n<p>&nbsp;<\/p>","protected":false},"excerpt":{"rendered":"<p>Gutuile deshidratate, feliate sau t\u0103iate cuburi, mereu sunt preg\u0103tite s\u0103 fac\u0103 parte din gustarea ta zilnic\u0103.<\/p>\n<p>Gutuile deshidratate con\u021bin multe substan\u021be benefice, cum ar fi vitaminele A, C, E, K, grupul B, potasiu, fier, magneziu, calciu \u0219i altele. Ele sunt, de asemenea, bogate \u00een antioxidan\u021bi \u0219i pectine, care au un efect pozitiv asupra func\u021bion\u0103rii intestinului \u0219i st\u0103rii generale a corpului.<\/p>\n<p>&nbsp;<\/p>\n","protected":false},"featured_media":12887,"template":"","meta":{"inline_featured_image":false},"product_cat":[42],"product_tag":[],"class_list":["post-12884","product","type-product","status-publish","has-post-thumbnail","hentry","product_cat-dried-fruits","pa_weight-92"],"_links":{"self":[{"href":"https:\/\/lefrucom.com\/ro\/wp-json\/wp\/v2\/product\/12884","targetHints":{"allow":["GET"]}}],"collection":[{"href":"https:\/\/lefrucom.com\/ro\/wp-json\/wp\/v2\/product"}],"about":[{"href":"https:\/\/lefrucom.com\/ro\/wp-json\/wp\/v2\/types\/product"}],"wp:featuredmedia":[{"embeddable":true,"href":"https:\/\/lefrucom.com\/ro\/wp-json\/wp\/v2\/media\/12887"}],"wp:attachment":[{"href":"https:\/\/lefrucom.com\/ro\/wp-json\/wp\/v2\/media?parent=12884"}],"wp:term":[{"taxonomy":"product_cat","embeddable":true,"href":"https:\/\/lefrucom.com\/ro\/wp-json\/wp\/v2\/product_cat?post=12884"},{"taxonomy":"product_tag","embeddable":true,"href":"https:\/\/lefrucom.com\/ro\/wp-json\/wp\/v2\/product_tag?post=12884"}],"curies":[{"name":"wp","href":"https:\/\/api.w.org\/{rel}","templated":true}]}}