{"id":12860,"date":"2023-03-15T15:00:14","date_gmt":"2023-03-15T12:00:14","guid":{"rendered":"https:\/\/lefrucom.com\/?post_type=product&#038;p=12860"},"modified":"2025-11-05T23:03:45","modified_gmt":"2025-11-05T20:03:45","slug":"pere-taiate-uscat%d0%b5-prelucrate","status":"publish","type":"product","link":"https:\/\/lefrucom.com\/ro\/shop\/dried-fruits\/pere-taiate-uscat%d0%b5-prelucrate\/","title":{"rendered":"Pere uscate feliate"},"content":{"rendered":"<p><strong>\u00a0<\/strong><strong>PERE T\u0102IATE, USCAT<\/strong><strong>\u0415<\/strong><strong>, PRELUCRATE<\/strong><\/p>\n<p><strong>INGREDIENTE:<\/strong> pere t\u0103iate uscate, antioxidant: metabisulfite de sodiu (E223).<br \/>\n<strong>CONDI\u021aII DE P\u0102STRARE:<\/strong> la temperatura de la 5 la 20\u00b0C<\/p>\n<p><strong>UMIDITATE RELATIV\u0102:<\/strong> 70% max<\/p>\n<p><strong>A SE CONSUMA P\u00c2N\u0102 L<\/strong>A: vezi pe ambalaj<\/p>\n<p><strong>TERMEN DE VALABILITATE:<\/strong> 12 luni<\/p>\n<p><strong><span style=\"color: #ff0000;\">!ATEN\u021aIE:<\/span> <\/strong><strong>Corpurile de fructe pot con\u021bine izolat s\u00e2mburi sau fragmente de s\u00e2mburi.<\/strong><\/p>\n<p>&nbsp;<\/p>","protected":false},"excerpt":{"rendered":"<p>\u0420ere deshidratate, felitate sau t\u0103iate cuburi, mereu sunt preg\u0103tite s\u0103 fac\u0103 parte din gustarea ta zilnic\u0103.<\/p>\n<p>&nbsp;<\/p>\n","protected":false},"featured_media":12863,"template":"","meta":{"inline_featured_image":false},"product_cat":[42],"product_tag":[],"class_list":["post-12860","product","type-product","status-publish","has-post-thumbnail","hentry","product_cat-dried-fruits","pa_weight-92"],"_links":{"self":[{"href":"https:\/\/lefrucom.com\/ro\/wp-json\/wp\/v2\/product\/12860","targetHints":{"allow":["GET"]}}],"collection":[{"href":"https:\/\/lefrucom.com\/ro\/wp-json\/wp\/v2\/product"}],"about":[{"href":"https:\/\/lefrucom.com\/ro\/wp-json\/wp\/v2\/types\/product"}],"wp:featuredmedia":[{"embeddable":true,"href":"https:\/\/lefrucom.com\/ro\/wp-json\/wp\/v2\/media\/12863"}],"wp:attachment":[{"href":"https:\/\/lefrucom.com\/ro\/wp-json\/wp\/v2\/media?parent=12860"}],"wp:term":[{"taxonomy":"product_cat","embeddable":true,"href":"https:\/\/lefrucom.com\/ro\/wp-json\/wp\/v2\/product_cat?post=12860"},{"taxonomy":"product_tag","embeddable":true,"href":"https:\/\/lefrucom.com\/ro\/wp-json\/wp\/v2\/product_tag?post=12860"}],"curies":[{"name":"wp","href":"https:\/\/api.w.org\/{rel}","templated":true}]}}