{"id":12846,"date":"2023-03-15T14:02:45","date_gmt":"2023-03-15T11:02:45","guid":{"rendered":"https:\/\/lefrucom.com\/?post_type=product&#038;p=12846"},"modified":"2025-11-05T23:05:02","modified_gmt":"2025-11-05T20:05:02","slug":"mere-taiate-rondele-cu-carema-seminala-prelucrate","status":"publish","type":"product","link":"https:\/\/lefrucom.com\/ro\/shop\/dried-fruits\/mere-taiate-rondele-cu-carema-seminala-prelucrate\/","title":{"rendered":"Mere t\u0103iate rondele, cu carema seminal\u0103, prelucrate"},"content":{"rendered":"<p><strong>MERE T\u0102IATE RONDELE, CU CAMERA SEMINAL\u0102, USCATE, PRELUCRATE<\/strong><\/p>\n<p><strong>INGREDIENTE:<\/strong> mere uscate rondele, antioxidant: metabisulfite de sodiu (E223).<\/p>\n<p><strong>CONDI\u021aII DE P\u0102STRARE:<\/strong> la temperatura de la 5 la 20\u00b0C<\/p>\n<p><strong>UMIDITATE RELATIV\u0102:<\/strong> 70% max<\/p>\n<p><strong>A SE CONSUMA P\u00c2N\u0102 L<\/strong>A: vezi pe ambalaj<\/p>\n<p><strong>TERMEN DE VALABILITATE:<\/strong> 12 luni<\/p>\n<p><strong><span style=\"color: #ff0000;\">!ATEN\u021aIE:<\/span> <\/strong><strong>Corpurile de fructe pot con\u021bine izolat s\u00e2mburi sau fragmente de s\u00e2mburi.<\/strong><\/p>","protected":false},"excerpt":{"rendered":"<p>\u041c\u0435\u0433\u0435 deshidratate f\u0103r\u0103 adaos de zah\u0103r, arome sau al\u021bi aditivi. Folosind un proces de uscare complet natural, aerul cald este suflat peste feliile de fructe ore \u0219i ore p\u00e2n\u0103 c\u00e2nd devin crocante \u0219i deliciose.<\/p>\n","protected":false},"featured_media":15029,"template":"","meta":{"inline_featured_image":false},"product_cat":[42],"product_tag":[],"class_list":["post-12846","product","type-product","status-publish","has-post-thumbnail","hentry","product_cat-dried-fruits","pa_weight-92"],"_links":{"self":[{"href":"https:\/\/lefrucom.com\/ro\/wp-json\/wp\/v2\/product\/12846","targetHints":{"allow":["GET"]}}],"collection":[{"href":"https:\/\/lefrucom.com\/ro\/wp-json\/wp\/v2\/product"}],"about":[{"href":"https:\/\/lefrucom.com\/ro\/wp-json\/wp\/v2\/types\/product"}],"wp:featuredmedia":[{"embeddable":true,"href":"https:\/\/lefrucom.com\/ro\/wp-json\/wp\/v2\/media\/15029"}],"wp:attachment":[{"href":"https:\/\/lefrucom.com\/ro\/wp-json\/wp\/v2\/media?parent=12846"}],"wp:term":[{"taxonomy":"product_cat","embeddable":true,"href":"https:\/\/lefrucom.com\/ro\/wp-json\/wp\/v2\/product_cat?post=12846"},{"taxonomy":"product_tag","embeddable":true,"href":"https:\/\/lefrucom.com\/ro\/wp-json\/wp\/v2\/product_tag?post=12846"}],"curies":[{"name":"wp","href":"https:\/\/api.w.org\/{rel}","templated":true}]}}