{"id":125,"date":"2016-12-19T12:00:07","date_gmt":"2016-12-19T12:00:07","guid":{"rendered":"http:\/\/superfood.elated-themes.com\/?post_type=product&#038;p=125"},"modified":"2025-11-05T23:05:47","modified_gmt":"2025-11-05T20:05:47","slug":"dried-plums-in-black-chocolate","status":"publish","type":"product","link":"https:\/\/lefrucom.com\/ro\/shop\/bomboane\/dried-plums-in-black-chocolate\/","title":{"rendered":"Prune \u00een ciocolat\u0103 neagr\u0103"},"content":{"rendered":"<p><strong>BOMBOANE CU PRUNE USCATE GLAZUR\u0102 DE COFET\u0102RIE NEAGR\u0102<\/strong><\/p>\n<p><strong>INGREDIENTE:<\/strong> prune uscate f\u0103r\u0103 s\u00e2mburi, glazur\u0103 de cofet\u0103rie neagr\u0103 (zah\u0103r, gr\u0103simi vegetale rafinate \u0219i total hidrogenate (din s\u00e2mburi de palmier), pudr\u0103 de cacao cu con\u021binut redus de gr\u0103sime, emulgator: lecitin\u0103 de soia (E322), aromatizator identic natural: vanilin\u0103).<\/p>\n<p><strong>CONDI\u021aII DE P\u0102STRARE:<\/strong> la temperatura de la 15..21\u00b0C<\/p>\n<p><strong>UMIDITATE RELATIV\u0102:<\/strong> 75% max.<\/p>\n<p><strong>A SE CONSUMA P\u00c2N\u0102 L<\/strong>A: vezi pe ambalaj.<\/p>\n<p><strong>TERMEN DE VALABILITATE:<\/strong> 6 luni.<\/p>\n<p><span style=\"color: #ff0000;\"><strong>!ATEN\u021aIE: <\/strong><\/span><strong>Corpurile de fructe pot con\u021bine izolat s\u00e2mburi sau fragmente de s\u00e2mburi.<\/strong><\/p>","protected":false},"excerpt":{"rendered":"<p>Aceast\u0103 gustare delicioas\u0103 \u0219i s\u0103n\u0103toas\u0103 este perfect\u0103 pentru a fi savurat\u0103 \u00een orice moment al zilei. Prunele uscate sunt bogate \u00een fibre, vitamine \u0219i minerale, ceea ce le face o alegere excelent\u0103 pentru men\u021binerea s\u0103n\u0103t\u0103\u021bii digestive \u0219i a sistemului imunitar.<\/p>\n","protected":false},"featured_media":12814,"template":"","meta":{"inline_featured_image":false},"product_cat":[44],"product_tag":[],"class_list":["post-125","product","type-product","status-publish","has-post-thumbnail","hentry","product_cat-bomboane","pa_weight-92","pa_weight-93"],"_links":{"self":[{"href":"https:\/\/lefrucom.com\/ro\/wp-json\/wp\/v2\/product\/125","targetHints":{"allow":["GET"]}}],"collection":[{"href":"https:\/\/lefrucom.com\/ro\/wp-json\/wp\/v2\/product"}],"about":[{"href":"https:\/\/lefrucom.com\/ro\/wp-json\/wp\/v2\/types\/product"}],"wp:featuredmedia":[{"embeddable":true,"href":"https:\/\/lefrucom.com\/ro\/wp-json\/wp\/v2\/media\/12814"}],"wp:attachment":[{"href":"https:\/\/lefrucom.com\/ro\/wp-json\/wp\/v2\/media?parent=125"}],"wp:term":[{"taxonomy":"product_cat","embeddable":true,"href":"https:\/\/lefrucom.com\/ro\/wp-json\/wp\/v2\/product_cat?post=125"},{"taxonomy":"product_tag","embeddable":true,"href":"https:\/\/lefrucom.com\/ro\/wp-json\/wp\/v2\/product_tag?post=125"}],"curies":[{"name":"wp","href":"https:\/\/api.w.org\/{rel}","templated":true}]}}