{"id":120,"date":"2016-12-19T12:01:04","date_gmt":"2016-12-19T12:01:04","guid":{"rendered":"http:\/\/superfood.elated-themes.com\/?post_type=product&#038;p=120"},"modified":"2025-11-05T23:06:23","modified_gmt":"2025-11-05T20:06:23","slug":"miez-de-nuca-in-ciocolata-neagra","status":"publish","type":"product","link":"https:\/\/lefrucom.com\/ro\/shop\/bomboane\/miez-de-nuca-in-ciocolata-neagra\/","title":{"rendered":"Miez de nuc\u0103 \u00een ciocolat\u0103 neagr\u0103"},"content":{"rendered":"<p><strong>BOMBOANE CU MIEZ DE NUC\u0102 \u00ceN GLAZUR\u0102 DE COFET\u0102RIE NEAGR\u0102<\/strong><\/p>\n<p><strong>INGREDIENTE:<\/strong> miez de nuc\u0103, glazur\u0103 de cofet\u0103rie neagr\u0103 (zah\u0103r, gr\u0103simi vegetale rafinate \u0219i total hidrogenate (din s\u00e2mburi de palmier), pudr\u0103 de cacao cu con\u021binut redus de gr\u0103sime, emulgator: lecitin\u0103 de soia (E322), aromatizator identic natural: vanilin\u0103).<\/p>\n<p><strong>CONDI\u021aII DE P\u0102STRARE:<\/strong> la temperatura de la 15..21\u00b0C<\/p>\n<p><strong>UMIDITATE RELATIV\u0102:<\/strong> 75% max.<\/p>\n<p><strong>A SE CONSUMA P\u00c2N\u0102 L<\/strong>A: vezi pe ambalaj.<\/p>\n<p><strong>TERMEN DE VALABILITATE:<\/strong> 6 luni.<\/p>\n<p><span style=\"color: #ff0000;\"><strong>!ATEN\u021aIE: <\/strong><\/span><strong>Corpurile de fructe pot con\u021bine izolat s\u00e2mburi sau fragmente de s\u00e2mburi.<\/strong><\/p>","protected":false},"excerpt":{"rendered":"<p>Cum transformi jumatate de nuca intr-un adevarat deliciu dulce? Foarte \u00een ciocolat\u0103 neagr\u0103 simplu: combin\u00e2nd-o cu alte c\u00e2teva ingrediente rafinate. \u00eencerca\u021bi aceasta compozi\u021bie deosebit\u0103 \u0219i experimenta\u021bi interac\u021biunea minunat\u0103 a nucilor crocante, prunelor coapte \u0219i a delicioasei acoperiri de ciocolat\u0103.<\/p>\n","protected":false},"featured_media":12826,"template":"","meta":{"inline_featured_image":false},"product_cat":[44],"product_tag":[],"class_list":["post-120","product","type-product","status-publish","has-post-thumbnail","hentry","product_cat-bomboane","pa_weight-92","pa_weight-93"],"_links":{"self":[{"href":"https:\/\/lefrucom.com\/ro\/wp-json\/wp\/v2\/product\/120","targetHints":{"allow":["GET"]}}],"collection":[{"href":"https:\/\/lefrucom.com\/ro\/wp-json\/wp\/v2\/product"}],"about":[{"href":"https:\/\/lefrucom.com\/ro\/wp-json\/wp\/v2\/types\/product"}],"wp:featuredmedia":[{"embeddable":true,"href":"https:\/\/lefrucom.com\/ro\/wp-json\/wp\/v2\/media\/12826"}],"wp:attachment":[{"href":"https:\/\/lefrucom.com\/ro\/wp-json\/wp\/v2\/media?parent=120"}],"wp:term":[{"taxonomy":"product_cat","embeddable":true,"href":"https:\/\/lefrucom.com\/ro\/wp-json\/wp\/v2\/product_cat?post=120"},{"taxonomy":"product_tag","embeddable":true,"href":"https:\/\/lefrucom.com\/ro\/wp-json\/wp\/v2\/product_tag?post=120"}],"curies":[{"name":"wp","href":"https:\/\/api.w.org\/{rel}","templated":true}]}}