{"id":114,"date":"2016-12-19T12:02:43","date_gmt":"2016-12-19T12:02:43","guid":{"rendered":"http:\/\/superfood.elated-themes.com\/?post_type=product&#038;p=114"},"modified":"2025-11-05T23:07:01","modified_gmt":"2025-11-05T20:07:01","slug":"mere-in-ciocolata-cu-lapte-si-scortisoara","status":"publish","type":"product","link":"https:\/\/lefrucom.com\/ro\/shop\/fruits-in-chocolate\/mere-in-ciocolata-cu-lapte-si-scortisoara\/","title":{"rendered":"Mere \u00een ciocolat\u0103 cu lapte \u0219i scor\u021bi\u0219oar\u0103"},"content":{"rendered":"<p><strong>RONDELE DE MERE USCATE CU SCOR\u021aI\u0218OAR\u0102 \u00ceN GLAZUR\u0102 DE COFET\u0102RIE DE LAPTE <\/strong><\/p>\n<p><strong>INGREDIENTE:<\/strong> mere uscate rondele (antioxidant: metabisulfit de sodiu E223), glazur\u0103 de cofet\u0103rie de lapte (zah\u0103r, gr\u0103simi vegetale rafinate \u0219i total hidrogenate (din s\u00e2mburi de palmier), pudr\u0103 de cacao cu con\u021binut redus de gr\u0103sime, lapte praf, emulgator: lecitin\u0103 de soia (E322), aromatizator identic natural: vanilin\u0103. Poate con\u021bine urme de lapte \u0219i arahide), scor\u021bi\u0219oar\u0103.<br \/>\n<strong>CONDI\u021aII DE P\u0102STRARE:<\/strong> la temperatura de la 15..21\u00b0C<\/p>\n<p><strong>UMIDITATE RELATIV\u0102:<\/strong> 75% max.<\/p>\n<p><strong>A SE CONSUMA P\u00c2N\u0102 L<\/strong>A: vezi pe ambalaj.<\/p>\n<p><strong>TERMEN DE VALABILITATE:<\/strong> 6 luni.<\/p>\n<p><strong><span style=\"color: #ff0000;\">!ATEN\u021aIE:<\/span> <\/strong><strong>Corpurile de fructe pot con\u021bine izolat s\u00e2mburi sau fragmente de s\u00e2mburi.<\/strong><\/p>","protected":false},"excerpt":{"rendered":"<p>Dar de ce s\u0103 nu \u00eencerci merele dintr-un unghi complet diferit? Inelele de mere uscate, \u00eenvelite \u00een ciocolat\u0103 cu lapte sunt un deliciu care te face s\u0103 experimentezi senza\u021bii total diferite!<\/p>\n","protected":false},"featured_media":12773,"template":"","meta":{"inline_featured_image":false},"product_cat":[43],"product_tag":[],"class_list":["post-114","product","type-product","status-publish","has-post-thumbnail","hentry","product_cat-fruits-in-chocolate","pa_weight-92","pa_weight-93"],"_links":{"self":[{"href":"https:\/\/lefrucom.com\/ro\/wp-json\/wp\/v2\/product\/114","targetHints":{"allow":["GET"]}}],"collection":[{"href":"https:\/\/lefrucom.com\/ro\/wp-json\/wp\/v2\/product"}],"about":[{"href":"https:\/\/lefrucom.com\/ro\/wp-json\/wp\/v2\/types\/product"}],"wp:featuredmedia":[{"embeddable":true,"href":"https:\/\/lefrucom.com\/ro\/wp-json\/wp\/v2\/media\/12773"}],"wp:attachment":[{"href":"https:\/\/lefrucom.com\/ro\/wp-json\/wp\/v2\/media?parent=114"}],"wp:term":[{"taxonomy":"product_cat","embeddable":true,"href":"https:\/\/lefrucom.com\/ro\/wp-json\/wp\/v2\/product_cat?post=114"},{"taxonomy":"product_tag","embeddable":true,"href":"https:\/\/lefrucom.com\/ro\/wp-json\/wp\/v2\/product_tag?post=114"}],"curies":[{"name":"wp","href":"https:\/\/api.w.org\/{rel}","templated":true}]}}