{"id":9270,"date":"2017-03-08T14:04:21","date_gmt":"2017-03-08T14:04:21","guid":{"rendered":"https:\/\/sweettooth.qodeinteractive.com\/?page_id=9270"},"modified":"2023-05-15T12:06:31","modified_gmt":"2023-05-15T09:06:31","slug":"aboutus","status":"publish","type":"page","link":"https:\/\/lefrucom.com\/ro\/aboutus\/","title":{"rendered":"Despre Noi"},"content":{"rendered":"<p>[vc_row equal_height=&#8221;yes&#8221; row_content_width=&#8221;grid&#8221; disable_background_image=&#8221;&#8221; content_text_aligment=&#8221;left&#8221; simple_background_image_1440=&#8221;13496&#8243; simple_background_image_1280=&#8221;13228&#8243; simple_background_image_1024=&#8221;13496&#8243; simple_background_image_768=&#8221;13495&#8243; simple_background_image_460=&#8221;13495&#8243; simple_background_image=&#8221;13228&#8243;][vc_column]<div class=\"eltdf-elements-holder eltdf-one-column eltdf-responsive-mode-768\" ><div class=\"eltdf-eh-item \"  data-item-class=\"eltdf-eh-custom-283286\" data-480-600=\"115px 4% 130px 0%\" data-480=\"115px 0% 130px 0%\">\n\t<div class=\"eltdf-eh-item-inner\">\n\t\t<div class=\"eltdf-eh-item-content eltdf-eh-custom-283286\" style=\"padding: 100px 50% 100px 0%\">\n\t\t\t<div class=\"eltdf-section-title-holder  \" >\n\t\t\t<h2 class=\"eltdf-st-title \" style=\"color: #618a49\">\n\t\t\t<span>LEFRUCOM MANUFACTURA<\/span>\n\t\t<\/h2>\n\t\t<\/div>[vc_empty_space height=&#8221;12px&#8221;][vc_column_text]<strong>CINE SUNTEM<\/strong><br \/>\nSuntem o mic\u0103 afacere de familie, amplasat\u0103 \u00een zona de nord a Republicii Moldova.<\/p>\n<p><strong>CE FACEM<\/strong><br \/>\nNe specializ\u0103m \u00een deshidratarea fructelor \u0219i legumelor, \u00eenvelirea fructelor \u00een ciocolat\u0103.<\/p>\n<p><strong>CUM A \u00ceNCEPUT TOTUL<\/strong><br \/>\nCompania Lefrucom a fost fondat\u0103 \u00een 2007 la Soroca, Republica Moldova, activitatea de baz\u0103 fiind deshidratarea fructelor \u0219i legumelor.<\/p>\n<p>Conceptul proces\u0103rii fructelor \u0219i legumelor a survenit din necesitatea de a p\u0103stra produsele pe o perioad\u0103 mai \u00eendelungat\u0103 de timp.<\/p>\n<p>Amplasarea fabricii \u00een inima livezilor faciliteaz\u0103 ob\u021binerea materiei prime direct de la produc\u0103torii agricoli, astfel compania Lefrucom \u00ee\u0219i concentreaz\u0103 activitatea pe deshidratarea fructelor \u0219i legumelor care cresc anume \u00een Republica Moldova.[\/vc_column_text]\t\t<\/div>\n\t<\/div>\n<\/div><\/div>[\/vc_column][\/vc_row][vc_row content_placement=&#8221;middle&#8221; row_content_width=&#8221;grid&#8221; css=&#8221;.vc_custom_1680604016661{padding-top: 0px !important;padding-bottom: 0px !important;}&#8221;][vc_column offset=&#8221;vc_hidden-lg vc_hidden-md vc_hidden-sm vc_hidden-xs&#8221;]<div class=\"eltdf-elements-holder eltdf-one-column eltdf-responsive-mode-768\" ><div class=\"eltdf-eh-item eltdf-horizontal-alignment-center\"  data-item-class=\"eltdf-eh-custom-865114\" data-1024-1280=\"0px 11%\" data-768-1024=\"0px 9%\" data-480=\"0px 2%\">\n\t<div class=\"eltdf-eh-item-inner\">\n\t\t<div class=\"eltdf-eh-item-content eltdf-eh-custom-865114\" style=\"padding: 0px 15%\">\n\t\t\t<div class=\"eltdf-iwt clearfix eltdf-iwt-icon-top eltdf-iwt-icon-medium\">\n\t<div class=\"eltdf-iwt-icon\">\n\t\t\t\t\t\t\t\t\t<img loading=\"lazy\" decoding=\"async\" width=\"100\" height=\"100\" src=\"https:\/\/lefrucom.com\/wp-content\/uploads\/2023\/03\/aboutus-icon-4.png\" class=\"attachment-full size-full\" alt=\"\" \/>\t\t\t\t\t\t<\/div>\n\t<div class=\"eltdf-iwt-content\" >\n\t\t\t\t\t<h2 class=\"eltdf-iwt-title\" >\n\t\t\t\t\t\t\t\t<span class=\"eltdf-iwt-title-text\">Produsele noastre<\/span>\n\t\t\t\t\t\t\t<\/h2>\n\t\t\t\t\t<\/div>\n<\/div>[vc_empty_space height=&#8221;43px&#8221;]\t\t<\/div>\n\t<\/div>\n<\/div><\/div>[\/vc_column][\/vc_row][vc_row][vc_column offset=&#8221;vc_hidden-lg vc_hidden-md vc_hidden-sm vc_hidden-xs&#8221;]<div class=\"eltdf-elements-holder eltdf-three-columns eltdf-responsive-mode-768\" ><div class=\"eltdf-eh-item eltdf-horizontal-alignment-center\" style=\"background-color: #eae6e1\" data-item-class=\"eltdf-eh-custom-266866\" data-1024-1280=\"25px 12% 50px\" data-768-1024=\"25px 13% 50px\" data-480=\"25px 15% 50px\">\n\t<div class=\"eltdf-eh-item-inner\">\n\t\t<div class=\"eltdf-eh-item-content eltdf-eh-custom-266866\" style=\"padding: 25px 15% 50px\">\n\t\t\t<div class=\"eltdf-image-with-text-holder eltdf-content-center eltdf-image-behavior-\">\n    <div class=\"eltdf-iwt-image\">\n                                    <img loading=\"lazy\" decoding=\"async\" src=\"https:\/\/lefrucom.com\/wp-content\/uploads\/2023\/03\/dried-fruits-1-250x150.png\" alt=\"\" width=\"250\" height=\"150\" \/>                        <\/div>\n    <div class=\"eltdf-iwt-text-holder\">\n                    <h3 class=\"eltdf-iwt-title\" style=\"color: #030303;margin-top: 5px\">Fructe uscate<\/h3>\n        \t\t            <p class=\"eltdf-iwt-text\" style=\"color: #7c7c7c;margin-top: 30px\">Fructele uscate sunt un aliment delicios \u0219i s\u0103n\u0103tos, bogat \u00een nutrien\u021bi \u0219i o surs\u0103 excelent\u0103 de energie. Acestea sunt ob\u021binute prin \u00eendep\u0103rtarea apei din fructe proaspete, permi\u021b\u00e2ndu-le s\u0103 fie p\u0103strate mai mult timp \u0219i s\u0103 fie consumate \u00een orice moment al anului.<\/p>\n            <\/div>\n<\/div>[vc_empty_space height=&#8221;12px&#8221;]<a itemprop=\"url\" href=\"https:\/\/lefrucom.com\/product-category\/dried-fruits\/\" target=\"_self\" style=\"background-color: #030303;margin: 10px 5px 10px 5px\" class=\"eltdf-btn eltdf-btn-medium eltdf-btn-solid eltdf-btn-custom-border-hover\" data-hover-border-color=\"rgba(255,255,255,0.01)\" >\n    <span class=\"eltdf-btn-text\">Descoper\u0103 acum<\/span>\n    <\/a>\t\t<\/div>\n\t<\/div>\n<\/div><div class=\"eltdf-eh-item eltdf-horizontal-alignment-center\" style=\"background-color: #f4f1ee\" data-item-class=\"eltdf-eh-custom-968745\" data-1024-1280=\"25px 12% 50px\" data-768-1024=\"25px 13% 50px\" data-480=\"25px 15% 50px\">\n\t<div class=\"eltdf-eh-item-inner\">\n\t\t<div class=\"eltdf-eh-item-content eltdf-eh-custom-968745\" style=\"padding: 25px 15% 50px\">\n\t\t\t<div class=\"eltdf-image-with-text-holder eltdf-content-center eltdf-image-behavior-\">\n    <div class=\"eltdf-iwt-image\">\n                                    <img loading=\"lazy\" decoding=\"async\" src=\"https:\/\/lefrucom.com\/wp-content\/uploads\/2023\/03\/fruit-in-black-chokolate-250x150.png\" alt=\"\" width=\"250\" height=\"150\" \/>                        <\/div>\n    <div class=\"eltdf-iwt-text-holder\">\n                    <h3 class=\"eltdf-iwt-title\" style=\"color: #030303;margin-top: 5px\">Fructe uscate \u00een ciocolat\u0103 neagr\u0103<\/h3>\n        \t\t            <p class=\"eltdf-iwt-text\" style=\"color: #7c7c7c;margin-top: 30px\">Fructele uscate acoperite cu ciocolat\u0103 neagr\u0103 sunt o gustare delicioas\u0103 \u0219i s\u0103n\u0103toas\u0103, care combin\u0103 gustul dulce al ciocolatei cu aroma \u0219i textura fructelor uscate. Acestea sunt disponibile \u00eentr-o varietate de sortimente, cum ar fi mere, nuc, prune \u0219i visine.<\/p>\n            <\/div>\n<\/div>[vc_empty_space height=&#8221;12px&#8221;]<a itemprop=\"url\" href=\"https:\/\/lefrucom.com\/ro\/product-category\/fruits-in-chocolate\/\" target=\"_self\" style=\"background-color: #030303\" class=\"eltdf-btn eltdf-btn-medium eltdf-btn-solid eltdf-btn-custom-border-hover\" data-hover-border-color=\"rgba(255,255,255,0.01)\" >\n    <span class=\"eltdf-btn-text\">Descoper\u0103 acum<\/span>\n    <\/a>\t\t<\/div>\n\t<\/div>\n<\/div><div class=\"eltdf-eh-item eltdf-horizontal-alignment-center\" style=\"background-color: #dbcaad\" data-item-class=\"eltdf-eh-custom-271101\" data-1024-1280=\"25px 12% 50px\" data-768-1024=\"25px 13% 50px\" data-480=\"25px 15% 50px\">\n\t<div class=\"eltdf-eh-item-inner\">\n\t\t<div class=\"eltdf-eh-item-content eltdf-eh-custom-271101\" style=\"padding: 25px 15% 50px\">\n\t\t\t<div class=\"eltdf-image-with-text-holder eltdf-content-center eltdf-image-behavior-\">\n    <div class=\"eltdf-iwt-image\">\n                                    <img loading=\"lazy\" decoding=\"async\" src=\"https:\/\/lefrucom.com\/wp-content\/uploads\/2023\/03\/fruit-in-white-chokolate-250x150.png\" alt=\"\" width=\"250\" height=\"150\" \/>                        <\/div>\n    <div class=\"eltdf-iwt-text-holder\">\n                    <h3 class=\"eltdf-iwt-title\" style=\"color: #030303;margin-top: 5px\">Fructe uscate \u00een ciocolat\u0103 alb\u0103<\/h3>\n        \t\t            <p class=\"eltdf-iwt-text\" style=\"color: #7c7c7c;margin-top: 30px\">Fructele uscate \u00een ciocolat\u0103 alb\u0103 sunt o gustare delicioas\u0103 \u0219i s\u0103n\u0103toas\u0103, care combin\u0103 gustul dulce al ciocolatei cu aroma \u0219i textura fructelor uscate. Acestea sunt disponibile \u00eentr-o varietate de sortimente, cum ar fi mere, nuc, prune, caise \u0219i visine.<\/p>\n            <\/div>\n<\/div>[vc_empty_space height=&#8221;12px&#8221;]<a itemprop=\"url\" href=\"https:\/\/lefrucom.com\/ro\/product-category\/fruits-in-chocolate\/\" target=\"_self\" style=\"background-color: #030303\" class=\"eltdf-btn eltdf-btn-medium eltdf-btn-solid eltdf-btn-custom-border-hover\" data-hover-border-color=\"rgba(255,255,255,0.01)\" >\n    <span class=\"eltdf-btn-text\">Descoper\u0103 acum<\/span>\n    <\/a>\t\t<\/div>\n\t<\/div>\n<\/div><\/div><div class=\"eltdf-elements-holder eltdf-three-columns eltdf-responsive-mode-768\" ><div class=\"eltdf-eh-item eltdf-horizontal-alignment-center\" style=\"background-color: #dbcaad\" data-item-class=\"eltdf-eh-custom-868002\" data-1024-1280=\"25px 12% 50px\" data-768-1024=\"25px 13% 50px\" data-480=\"25px 15% 50px\">\n\t<div class=\"eltdf-eh-item-inner\">\n\t\t<div class=\"eltdf-eh-item-content eltdf-eh-custom-868002\" style=\"padding: 25px 15% 50px\">\n\t\t\t<div class=\"eltdf-image-with-text-holder eltdf-content-center eltdf-image-behavior-\">\n    <div class=\"eltdf-iwt-image\">\n                                    <img loading=\"lazy\" decoding=\"async\" src=\"https:\/\/lefrucom.com\/wp-content\/uploads\/2023\/03\/drajeuri-250x150.png\" alt=\"\" width=\"250\" height=\"150\" \/>                        <\/div>\n    <div class=\"eltdf-iwt-text-holder\">\n                    <h3 class=\"eltdf-iwt-title\" style=\"color: #030303;margin-top: 5px\">Drajeuri cu Fructe uscate<\/h3>\n        \t\t            <p class=\"eltdf-iwt-text\" style=\"color: #7c7c7c;margin-top: 30px\">Drajeurile cu fructe uscate sunt o gustare delicioas\u0103 \u0219i s\u0103n\u0103toas\u0103, perfect\u0103 pentru a satisface pofta de dulce sau pentru a lua o gustare rapid\u0103 \u00eentre mese. Acestea sunt f\u0103cute dintr-un amestec de fructe uscate precum prune, mere, visine, nuc, acoperite cu un strat sub\u021bire de ciocolata.<\/p>\n            <\/div>\n<\/div>[vc_empty_space height=&#8221;12px&#8221;]<a itemprop=\"url\" href=\"https:\/\/lefrucom.com\/ro\/product-category\/dragee\/\" target=\"_self\" style=\"background-color: #030303\" class=\"eltdf-btn eltdf-btn-medium eltdf-btn-solid eltdf-btn-custom-border-hover\" data-hover-border-color=\"rgba(255,255,255,0.01)\" >\n    <span class=\"eltdf-btn-text\">Descoper\u0103 acum<\/span>\n    <\/a>\t\t<\/div>\n\t<\/div>\n<\/div><div class=\"eltdf-eh-item eltdf-horizontal-alignment-center\" style=\"background-color: #eae6e1\" data-item-class=\"eltdf-eh-custom-476193\" data-1024-1280=\"25px 12% 50px\" data-768-1024=\"25px 13% 50px\" data-480=\"25px 15% 50px\">\n\t<div class=\"eltdf-eh-item-inner\">\n\t\t<div class=\"eltdf-eh-item-content eltdf-eh-custom-476193\" style=\"padding: 25px 15% 50px\">\n\t\t\t<div class=\"eltdf-image-with-text-holder eltdf-content-center eltdf-image-behavior-\">\n    <div class=\"eltdf-iwt-image\">\n                                    <img loading=\"lazy\" decoding=\"async\" src=\"https:\/\/lefrucom.com\/wp-content\/uploads\/2023\/03\/drajeuri-2-250x150.png\" alt=\"\" width=\"250\" height=\"150\" \/>                        <\/div>\n    <div class=\"eltdf-iwt-text-holder\">\n                    <h3 class=\"eltdf-iwt-title\" style=\"color: #030303;margin-top: 5px\">Bomboane de ciocolata cu fructe uscate<\/h3>\n        \t\t            <p class=\"eltdf-iwt-text\" style=\"color: #7c7c7c;margin-top: 30px\">Bomboanele cu fructe uscate sunt o gustare delicioas\u0103 \u0219i s\u0103n\u0103toas\u0103, care combin\u0103 gustul dulce al ciocolatei cu aroma \u0219i textura fructelor uscate. Acestea sunt disponibile \u00eentr-o varietate de sortimente, cum ar fi mere, nuc, prune, caise \u0219i visine.<\/p>\n            <\/div>\n<\/div>[vc_empty_space height=&#8221;12px&#8221;]<a itemprop=\"url\" href=\"https:\/\/lefrucom.com\/ro\/product-category\/bomboane\/\" target=\"_self\" style=\"background-color: #030303;margin: 10px\" class=\"eltdf-btn eltdf-btn-medium eltdf-btn-solid eltdf-btn-custom-border-hover\" data-hover-border-color=\"rgba(255,255,255,0.01)\" >\n    <span class=\"eltdf-btn-text\">Descoper\u0103 acum<\/span>\n    <\/a>\t\t<\/div>\n\t<\/div>\n<\/div><div class=\"eltdf-eh-item eltdf-horizontal-alignment-center\" style=\"background-color: #f4f1ee\" data-item-class=\"eltdf-eh-custom-953246\" data-1024-1280=\"25px 12% 50px\" data-768-1024=\"25px 13% 50px\" data-480=\"25px 15% 50px\">\n\t<div class=\"eltdf-eh-item-inner\">\n\t\t<div class=\"eltdf-eh-item-content eltdf-eh-custom-953246\" style=\"padding: 25px 15% 50px\">\n\t\t\t<div class=\"eltdf-image-with-text-holder eltdf-content-center eltdf-image-behavior-\">\n    <div class=\"eltdf-iwt-image\">\n                                    <img loading=\"lazy\" decoding=\"async\" src=\"https:\/\/lefrucom.com\/wp-content\/uploads\/2023\/03\/vegetavles-1stpage-250x150.png\" alt=\"\" width=\"250\" height=\"150\" \/>                        <\/div>\n    <div class=\"eltdf-iwt-text-holder\">\n                    <h3 class=\"eltdf-iwt-title\" style=\"color: #030303;margin-top: 5px\">Legume Uscate<\/h3>\n        \t\t            <p class=\"eltdf-iwt-text\" style=\"color: #7c7c7c;margin-top: 30px\">Legumele uscate, cum ar fi castrave\u021bii \u0219i ro\u0219iile uscate, sunt o op\u021biune excelent\u0103 pentru cineva care caut\u0103 o gustare s\u0103n\u0103toas\u0103 \u0219i hr\u0103nitoare. Acestea ofer\u0103 o gam\u0103 larg\u0103 de nutrien\u021bi beneficii, precum fibre, vitamine \u0219i minerale esen\u021biale, dar \u0219i o textur\u0103 \u0219i o arom\u0103 intens\u0103.<\/p>\n            <\/div>\n<\/div>[vc_empty_space height=&#8221;12px&#8221;]<a itemprop=\"url\" href=\"https:\/\/lefrucom.com\/ro\/product-category\/dried-vegetables\/\" target=\"_self\" style=\"background-color: #030303\" class=\"eltdf-btn eltdf-btn-medium eltdf-btn-solid eltdf-btn-custom-border-hover\" data-hover-border-color=\"rgba(255,255,255,0.01)\" >\n    <span class=\"eltdf-btn-text\">Descoper\u0103 acum<\/span>\n    <\/a>\t\t<\/div>\n\t<\/div>\n<\/div><\/div>[\/vc_column][\/vc_row][vc_row][vc_column][vc_column_text]<\/p>\n<p>&nbsp;<\/p>\n<p>[\/vc_column_text][\/vc_column][\/vc_row][vc_row row_content_width=&#8221;grid&#8221; disable_background_image=&#8221;&#8221; simple_background_image=&#8221;12590&#8243; css=&#8221;.vc_custom_1678039975056{padding-top: 130px !important;padding-bottom: 130px !important;}&#8221; simple_background_image_1280=&#8221;9098&#8243;][vc_column offset=&#8221;vc_col-lg-6&#8243;]<div class=\"eltdf-elements-holder eltdf-one-column eltdf-responsive-mode-768\" ><div class=\"eltdf-eh-item \"  data-item-class=\"eltdf-eh-custom-470617\" data-768-1024=\"0px 0% 0px 0%\">\n\t<div class=\"eltdf-eh-item-inner\">\n\t\t<div class=\"eltdf-eh-item-content eltdf-eh-custom-470617\" style=\"padding: 0px 5% 0px 0%\">\n\t\t\t<div class=\"eltdf-section-title-holder  \" style=\"text-align: left\">\n\t\t\t<h2 class=\"eltdf-st-title eltdf-title-left\" style=\"color: #030303\">\n\t\t\t<span>COOPERARE<\/span>\n\t\t<\/h2>\n\t\t<\/div>\t\t<\/div>\n\t<\/div>\n<\/div><\/div>[vc_empty_space]<div class=\"eltdf-elements-holder eltdf-two-columns eltdf-responsive-mode-768\" ><div class=\"eltdf-eh-item \"  data-item-class=\"eltdf-eh-custom-605511\" data-1280-1600=\"0px 22% 0px 0%\" data-1024-1280=\"0px 11% 0px 0%\" data-768-1024=\"0px 27% 40px 0%\">\n\t<div class=\"eltdf-eh-item-inner\">\n\t\t<div class=\"eltdf-eh-item-content eltdf-eh-custom-605511\" style=\"padding: 0px 22% 0px 0%\">\n\t\t\t[vc_column_text]Dragi prieteni !<br \/>\nCompania noastr\u0103 este specializat\u0103 \u00een producerea de fructe uscate \u0219i bomboane cu fructe uscate \u0219i suntem con\u0219tien\u021bi c\u0103 cooperarea este cheia succesului \u00een afaceri. Suntem mereu \u00een c\u0103utarea de parteneri de \u00eencredere pentru a \u00eemp\u0103rt\u0103\u0219i valorile noastre \u0219i pentru a ne ajuta s\u0103 cre\u0219tem \u00eempreun\u0103.<\/p>\n<p>Suntem interesa\u021bi s\u0103 colabor\u0103m cu companii care \u00eemp\u0103rt\u0103\u0219esc valorile noastre \u0219i care doresc s\u0103 ofere consumatorilor produse de calitate superioar\u0103. Putem s\u0103 ne unim for\u021bele \u0219i s\u0103 cre\u0103m noi produse inovatoare care s\u0103 satisfac\u0103 cerin\u021bele pie\u021bei.<\/p>\n<p>Pe l\u00e2ng\u0103 beneficiile evidente ale colabor\u0103rii \u00een afaceri, suntem con\u0219tien\u021bi \u0219i de impactul pozitiv pe care \u00eel poate avea asupra comunit\u0103\u021bii. \u00cen calitate de companie responsabil\u0103, suntem interesa\u021bi s\u0103 sprijinim comunit\u0103\u021bile locale \u0219i s\u0103 promov\u0103m produc\u021bia sustenabil\u0103. Prin colaborarea cu produc\u0103tori locali \u0219i prin utilizarea de ingrediente sustenabile, putem contribui la dezvoltarea economiei locale \u0219i la protejarea mediului \u00eenconjur\u0103tor.<\/p>\n<p>Suntem deschi\u0219i la colaborare \u0219i credem c\u0103 \u00eempreun\u0103 putem s\u0103 ob\u021binem rezultate remarcabile. Dac\u0103 sunte\u021bi interesa\u021bi s\u0103 discuta\u021bi mai multe despre o poten\u021bial\u0103 colaborare, v\u0103 rug\u0103m s\u0103 ne contacta\u021bi.<\/p>\n<p>Cu respect, Lefrucom Manufactura<\/p>\n<p>Email:<\/p>\n<p>info@lefrucom.com<br \/>\noffice@lefrucom.com<\/p>\n<p>Telefon:<\/p>\n<p>+373 69 262 519<br \/>\n+373 230 295 95[\/vc_column_text]\t\t<\/div>\n\t<\/div>\n<\/div><\/div>[\/vc_column][vc_column offset=&#8221;vc_col-lg-6&#8243;]\n<div class=\"wpcf7 no-js\" id=\"wpcf7-f13507-o1\" lang=\"ro-RO\" dir=\"ltr\">\n<div class=\"screen-reader-response\"><p role=\"status\" aria-live=\"polite\" aria-atomic=\"true\"><\/p> <ul><\/ul><\/div>\n<form action=\"\/ro\/wp-json\/wp\/v2\/pages\/9270#wpcf7-f13507-o1\" method=\"post\" class=\"wpcf7-form init\" aria-label=\"Formular de contact\" novalidate=\"novalidate\" data-status=\"init\">\n<div style=\"display: none;\">\n<input type=\"hidden\" name=\"_wpcf7\" value=\"13507\" \/>\n<input type=\"hidden\" name=\"_wpcf7_version\" value=\"5.8\" \/>\n<input type=\"hidden\" name=\"_wpcf7_locale\" value=\"ro_RO\" \/>\n<input type=\"hidden\" name=\"_wpcf7_unit_tag\" value=\"wpcf7-f13507-o1\" \/>\n<input type=\"hidden\" name=\"_wpcf7_container_post\" value=\"0\" \/>\n<input type=\"hidden\" name=\"_wpcf7_posted_data_hash\" value=\"\" \/>\n<input type=\"hidden\" name=\"_wpcf7_recaptcha_response\" value=\"\" \/>\n<\/div>\n<p><label> Your name:<br \/>\n<span class=\"wpcf7-form-control-wrap\" data-name=\"your-name\"><input size=\"40\" class=\"wpcf7-form-control wpcf7-text wpcf7-validates-as-required\" autocomplete=\"name\" aria-required=\"true\" aria-invalid=\"false\" value=\"\" type=\"text\" name=\"your-name\" \/><\/span> <\/label><br \/>\n<label> Company name<br \/>\n<span class=\"wpcf7-form-control-wrap\" data-name=\"your-name\"><input size=\"40\" class=\"wpcf7-form-control wpcf7-text wpcf7-validates-as-required\" autocomplete=\"name\" aria-required=\"true\" aria-invalid=\"false\" value=\"\" type=\"text\" name=\"your-name\" \/><\/span> <\/label><br \/>\n<label> Phone:<br \/>\n<span class=\"wpcf7-form-control-wrap\" data-name=\"tel-779\"><input size=\"40\" class=\"wpcf7-form-control wpcf7-tel wpcf7-validates-as-required wpcf7-text wpcf7-validates-as-tel\" id=\"phonecompany\" aria-required=\"true\" aria-invalid=\"false\" value=\"\" type=\"tel\" name=\"tel-779\" \/><\/span> <\/label><br \/>\n<label> Country:<br \/>\n<span class=\"wpcf7-form-control-wrap\" data-name=\"text-232\"><input size=\"40\" class=\"wpcf7-form-control wpcf7-text\" id=\"country\" aria-invalid=\"false\" value=\"\" type=\"text\" name=\"text-232\" \/><\/span><\/label><br \/>\n<label> Email:<br \/>\n<span class=\"wpcf7-form-control-wrap\" data-name=\"your-email\"><input size=\"40\" class=\"wpcf7-form-control wpcf7-email wpcf7-validates-as-required wpcf7-text wpcf7-validates-as-email\" autocomplete=\"email\" aria-required=\"true\" aria-invalid=\"false\" value=\"\" type=\"email\" name=\"your-email\" \/><\/span> <\/label>\n<\/p>\n<p><label> Subject:<br \/>\n<span class=\"wpcf7-form-control-wrap\" data-name=\"your-subject\"><input size=\"40\" class=\"wpcf7-form-control wpcf7-text wpcf7-validates-as-required\" aria-required=\"true\" aria-invalid=\"false\" value=\"\" type=\"text\" name=\"your-subject\" \/><\/span> <\/label>\n<\/p>\n<p><label> Your Message:<br \/>\n<span class=\"wpcf7-form-control-wrap\" data-name=\"your-message\"><textarea cols=\"40\" rows=\"10\" class=\"wpcf7-form-control wpcf7-textarea\" aria-invalid=\"false\" name=\"your-message\"><\/textarea><\/span> <\/label>\n<\/p>\n<p><input class=\"wpcf7-form-control wpcf7-submit has-spinner\" type=\"submit\" value=\"Trimite\" \/>\n<\/p><div class=\"wpcf7-response-output\" aria-hidden=\"true\"><\/div>\n<\/form>\n<\/div>\n[\/vc_column][\/vc_row][vc_row][vc_column offset=&#8221;vc_hidden-lg vc_hidden-md vc_hidden-sm vc_hidden-xs&#8221;][vc_gmaps link=&#8221;#E-8_JTNDaWZyYW1lJTIwc3JjJTNEJTIyaHR0cHMlM0ElMkYlMkZ3d3cuZ29vZ2xlLmNvbSUyRm1hcHMlMkZlbWJlZCUzRnBiJTNEJTIxMW0yMyUyMTFtMTIlMjExbTMlMjExZDg1MTY0LjQwNzQ2MzIwNDk3JTIxMmQyOC4yOTQzODQzNjI4MDU2MjYlMjEzZDQ4LjE2MDYwNzk5MDgwMzY1NSUyMTJtMyUyMTFmMCUyMTJmMCUyMTNmMCUyMTNtMiUyMTFpMTAyNCUyMTJpNzY4JTIxNGYxMy4xJTIxNG04JTIxM2U2JTIxNG0wJTIxNG01JTIxMXMweDQwY2NjMWM4MGZjMDMyYjklMjUzQTB4ZWEyZjMzNmYwZWNjNTU3ZSUyMTJzU3RyYWRhJTI1MjBUcmFpYW4lMjUyMDE3JTI1MkMlMjUyMFNvcm9jYSUyNTIwMzAwNSUyMTNtMiUyMTFkNDguMTY3MjMzOSUyMTJkMjguMzA4NTY0OTk5OTk5OTk4JTIxNWUwJTIxM20yJTIxMXNydSUyMTJzJTIxNHYxNjc4MDM5ODI4ODc2JTIxNW0yJTIxMXNydSUyMTJzJTIyJTIwd2lkdGglM0QlMjI2MDAlMjIlMjBoZWlnaHQlM0QlMjI0NTAlMjIlMjBzdHlsZSUzRCUyMmJvcmRlciUzQTAlM0IlMjIlMjBhbGxvd2Z1bGxzY3JlZW4lM0QlMjIlMjIlMjBsb2FkaW5nJTNEJTIybGF6eSUyMiUyMHJlZmVycmVycG9saWN5JTNEJTIybm8tcmVmZXJyZXItd2hlbi1kb3duZ3JhZGUlMjIlM0UlM0MlMkZpZnJhbWUlM0U=&#8221; css=&#8221;.vc_custom_1678039843533{background-color: #e8e8e8 !important;}&#8221;][\/vc_column][\/vc_row][vc_row][vc_column][vc_column_text]<\/p>\n<p>[\/vc_column_text][\/vc_column][\/vc_row]<\/p>\n","protected":false},"excerpt":{"rendered":"<p>[vc_row equal_height=&#8221;yes&#8221; row_content_width=&#8221;grid&#8221; disable_background_image=&#8221;&#8221; content_text_aligment=&#8221;left&#8221; simple_background_image_1440=&#8221;13496&#8243; simple_background_image_1280=&#8221;13228&#8243; simple_background_image_1024=&#8221;13496&#8243; simple_background_image_768=&#8221;13495&#8243; simple_background_image_460=&#8221;13495&#8243; simple_background_image=&#8221;13228&#8243;][vc_column][\/vc_column][\/vc_row][vc_row content_placement=&#8221;middle&#8221; row_content_width=&#8221;grid&#8221; css=&#8221;.vc_custom_1680604016661{padding-top: 0px !important;padding-bottom: 0px !important;}&#8221;][vc_column offset=&#8221;vc_hidden-lg vc_hidden-md vc_hidden-sm vc_hidden-xs&#8221;][\/vc_column][\/vc_row][vc_row][vc_column offset=&#8221;vc_hidden-lg vc_hidden-md vc_hidden-sm vc_hidden-xs&#8221;][\/vc_column][\/vc_row][vc_row][vc_column][vc_column_text] &nbsp; [\/vc_column_text][\/vc_column][\/vc_row][vc_row row_content_width=&#8221;grid&#8221; disable_background_image=&#8221;&#8221; simple_background_image=&#8221;12590&#8243; css=&#8221;.vc_custom_1678039975056{padding-top: 130px !important;padding-bottom: 130px !important;}&#8221; simple_background_image_1280=&#8221;9098&#8243;][vc_column offset=&#8221;vc_col-lg-6&#8243;][vc_empty_space][\/vc_column][vc_column offset=&#8221;vc_col-lg-6&#8243;][\/vc_column][\/vc_row][vc_row][vc_column offset=&#8221;vc_hidden-lg [&hellip;]<\/p>\n","protected":false},"author":1,"featured_media":0,"parent":0,"menu_order":0,"comment_status":"closed","ping_status":"closed","template":"full-width.php","meta":{"inline_featured_image":false,"footnotes":""},"class_list":["post-9270","page","type-page","status-publish","hentry"],"_links":{"self":[{"href":"https:\/\/lefrucom.com\/ro\/wp-json\/wp\/v2\/pages\/9270","targetHints":{"allow":["GET"]}}],"collection":[{"href":"https:\/\/lefrucom.com\/ro\/wp-json\/wp\/v2\/pages"}],"about":[{"href":"https:\/\/lefrucom.com\/ro\/wp-json\/wp\/v2\/types\/page"}],"author":[{"embeddable":true,"href":"https:\/\/lefrucom.com\/ro\/wp-json\/wp\/v2\/users\/1"}],"replies":[{"embeddable":true,"href":"https:\/\/lefrucom.com\/ro\/wp-json\/wp\/v2\/comments?post=9270"}],"version-history":[{"count":260,"href":"https:\/\/lefrucom.com\/ro\/wp-json\/wp\/v2\/pages\/9270\/revisions"}],"predecessor-version":[{"id":14576,"href":"https:\/\/lefrucom.com\/ro\/wp-json\/wp\/v2\/pages\/9270\/revisions\/14576"}],"wp:attachment":[{"href":"https:\/\/lefrucom.com\/ro\/wp-json\/wp\/v2\/media?parent=9270"}],"curies":[{"name":"wp","href":"https:\/\/api.w.org\/{rel}","templated":true}]}}