{"id":8206,"date":"2017-03-02T11:28:59","date_gmt":"2017-03-02T08:28:59","guid":{"rendered":"https:\/\/sweettooth.qodeinteractive.com\/?page_id=8206"},"modified":"2023-06-16T07:08:40","modified_gmt":"2023-06-16T04:08:40","slug":"blog","status":"publish","type":"page","link":"https:\/\/lefrucom.com\/ro\/blog\/","title":{"rendered":"Blog"},"content":{"rendered":"<p>[vc_row][vc_column]<div class=\"eltdf-blog-list-holder eltdf-bl-standard eltdf-bl-three-columns eltdf-bl-normal-space eltdf-bl-pag-no-pagination\"  data-type=standard data-number-of-posts=16 data-number-of-columns=3 data-space-between-columns=normal data-order-by=date data-order=ASC data-image-size=full data-title-tag=h4 data-excerpt-length=90 data-post-info-section=yes data-post-info-image=yes data-post-info-author=yes data-post-info-date=yes data-post-info-category=yes data-post-info-comments=no data-post-info-like=no data-post-info-share=no data-pagination-type=no-pagination data-max-num-pages=0 data-next-page=2>\n\t<div class=\"eltdf-bl-wrapper\">\n\t\t<ul class=\"eltdf-blog-list\">\n\t\t\t<p class=\"eltdf-blog-no-posts\">Ne pare r\u0103u, nu a fost g\u0103sit niciun articol care s\u0103 corespund\u0103 criteriilor tale.<\/p>\t\t<\/ul>\n\t<\/div>\n\t<\/div>[\/vc_column][\/vc_row]<\/p>\n","protected":false},"excerpt":{"rendered":"<p>[vc_row][vc_column][\/vc_column][\/vc_row]<\/p>\n","protected":false},"author":1,"featured_media":0,"parent":0,"menu_order":0,"comment_status":"closed","ping_status":"closed","template":"","meta":{"inline_featured_image":false,"footnotes":""},"class_list":["post-8206","page","type-page","status-publish","hentry"],"_links":{"self":[{"href":"https:\/\/lefrucom.com\/ro\/wp-json\/wp\/v2\/pages\/8206","targetHints":{"allow":["GET"]}}],"collection":[{"href":"https:\/\/lefrucom.com\/ro\/wp-json\/wp\/v2\/pages"}],"about":[{"href":"https:\/\/lefrucom.com\/ro\/wp-json\/wp\/v2\/types\/page"}],"author":[{"embeddable":true,"href":"https:\/\/lefrucom.com\/ro\/wp-json\/wp\/v2\/users\/1"}],"replies":[{"embeddable":true,"href":"https:\/\/lefrucom.com\/ro\/wp-json\/wp\/v2\/comments?post=8206"}],"version-history":[{"count":5,"href":"https:\/\/lefrucom.com\/ro\/wp-json\/wp\/v2\/pages\/8206\/revisions"}],"predecessor-version":[{"id":14144,"href":"https:\/\/lefrucom.com\/ro\/wp-json\/wp\/v2\/pages\/8206\/revisions\/14144"}],"wp:attachment":[{"href":"https:\/\/lefrucom.com\/ro\/wp-json\/wp\/v2\/media?parent=8206"}],"curies":[{"name":"wp","href":"https:\/\/api.w.org\/{rel}","templated":true}]}}