{"id":14619,"date":"2023-05-15T19:11:54","date_gmt":"2023-05-15T16:11:54","guid":{"rendered":"https:\/\/lefrucom.com\/?page_id=14619"},"modified":"2026-03-10T10:04:38","modified_gmt":"2026-03-10T07:04:38","slug":"lefrucom-about-us","status":"publish","type":"page","link":"https:\/\/lefrucom.com\/ro\/lefrucom-about-us\/","title":{"rendered":"LEFRUCOM | Despre noi"},"content":{"rendered":"<p>[vc_row css=&#8221;.vc_custom_1684749008302{padding-top: 50px !important;}&#8221;][vc_column][\/vc_column][\/vc_row][vc_row full_width=&#8221;stretch_row_content_no_spaces&#8221; simple_background_color=&#8221;#f9f9f9&#8243;][vc_column offset=&#8221;vc_hidden-sm vc_hidden-xs&#8221;]<div class=\"eltdf-elements-holder eltdf-two-columns eltdf-responsive-mode-1280 eltdf-one-column-alignment-left\" ><div class=\"eltdf-eh-item \"  data-item-class=\"eltdf-eh-custom-417417\" data-1280-1600=\"0px 8% 0px 8%\" data-1024-1280=\"0px 8% 0px 8%\" data-768-1024=\"0px 8% 0px 8%\" data-600-768=\"0px 8% 0px 8%\" data-480-600=\"0px 8% 0px 8%\" data-480=\"0px 8% 0px 8%\">\n\t<div class=\"eltdf-eh-item-inner\">\n\t\t<div class=\"eltdf-eh-item-content eltdf-eh-custom-417417\" style=\"padding: 0px 8% 0px 25%\">\n\t\t\t<div class=\"eltdf-bs-holder eltdf-bs-has-image eltdf-bs-image-left eltdf-fss-custom-284383\" style=\"padding: 500px 0px;margin: -170px 0px 15px 0px;background-image: url(https:\/\/lefrucom.com\/wp-content\/uploads\/2023\/05\/about-us-middle-image.jpg)\" data-item-class=\"eltdf-fss-custom-284383\">\n\t<div class=\"eltdf-container-inner eltdf-bs-content-inner eltdf-grid-row\">\n\t\t\t\t\t<div class='eltdf-bs-content-image eltdf-grid-col-6'>\n\t\t\t\t<img loading=\"lazy\" decoding=\"async\" width=\"1024\" height=\"1107\" src=\"https:\/\/lefrucom.com\/wp-content\/uploads\/2023\/05\/about-us-middle-image.jpg\" class=\"attachment-full size-full\" alt=\"\" srcset=\"https:\/\/lefrucom.com\/wp-content\/uploads\/2023\/05\/about-us-middle-image.jpg 1024w, https:\/\/lefrucom.com\/wp-content\/uploads\/2023\/05\/about-us-middle-image-278x300.jpg 278w, https:\/\/lefrucom.com\/wp-content\/uploads\/2023\/05\/about-us-middle-image-947x1024.jpg 947w, https:\/\/lefrucom.com\/wp-content\/uploads\/2023\/05\/about-us-middle-image-768x830.jpg 768w, https:\/\/lefrucom.com\/wp-content\/uploads\/2023\/05\/about-us-middle-image-600x649.jpg 600w\" sizes=\"auto, (max-width: 1024px) 100vw, 1024px\" \/>\t\t\t<\/div>\n\t\t\t\t<div class=\"eltdf-bs-content eltdf-grid-col-6 \">\n\t\t\t\t\t<\/div>\n\t<\/div>\n<\/div>\t\t<\/div>\n\t<\/div>\n<\/div><div class=\"eltdf-eh-item eltdf-grow-in\"  data-item-class=\"eltdf-eh-custom-148780\" data-animation=\"eltdf-grow-in\" data-1280-1600=\"0px 5% 0px 5%\" data-1024-1280=\"0px 5% 0px 5%\" data-768-1024=\"0px 5% 0px 5%\" data-600-768=\"0px 5% 0px 5%\" data-480-600=\"0px 5% 0px 5%\" data-480=\"0px 5% 0px 5%\">\n\t<div class=\"eltdf-eh-item-inner\">\n\t\t<div class=\"eltdf-eh-item-content eltdf-eh-custom-148780\" style=\"padding: 0px 35% 50px 0px\">\n\t\t\t<div class=\"eltdf-section-title-holder  \" style=\"text-align: left\">\n\t\t\t<h2 class=\"eltdf-st-title eltdf-title-left\" style=\"color: #618a49\">\n\t\t\t<span>Despre Noi<\/span>\n\t\t<\/h2>\n\t\t<\/div>[vc_column_text el_class=&#8221;p.eltdf-is-text&#8221; css=&#8221;.vc_custom_1685592079749{margin-bottom: 120px !important;}&#8221;]<span style=\"font-size: 17px;\"><strong>CINE SUNTEM<\/strong><\/span><\/p>\n<p>Suntem o mic\u0103 afacere de familie, amplasat\u0103 \u00een zona de nord a Republicii Moldova.<\/p>\n<p><strong>CE FACEM<\/strong><\/p>\n<p>Ne specializ\u0103m \u00een deshidratarea fructelor \u0219i legumelor, \u00eenvelirea fructelor \u00een ciocolat\u0103.<\/p>\n<p><strong>CUM A \u00ceNCEPUT TOTUL<\/strong><\/p>\n<p>Compania Lefrucom a fost fondat\u0103 \u00een 2007 la Soroca, Republica Moldova, activitatea de baz\u0103 fiind deshidratarea fructelor \u0219i legumelor.<\/p>\n<p>Conceptul proces\u0103rii fructelor \u0219i legumelor a survenit din necesitatea de a p\u0103stra produsele pe o perioad\u0103 mai \u00eendelungat\u0103 de timp.<\/p>\n<p>Amplasarea fabricii \u00een inima livezilor faciliteaz\u0103 ob\u021binerea materiei prime direct de la produc\u0103torii agricoli, astfel compania Lefrucom \u00ee\u0219i concentreaz\u0103 activitatea pe deshidratarea fructelor \u0219i legumelor care cresc anume \u00een Republica Moldova.<\/p>\n<p>[\/vc_column_text]\t\t<\/div>\n\t<\/div>\n<\/div><\/div>[\/vc_column][\/vc_row][vc_row full_width=&#8221;stretch_row_content_no_spaces&#8221; simple_background_color=&#8221;#f9f9f9&#8243;][vc_column offset=&#8221;vc_hidden-lg vc_hidden-md&#8221;]<div class=\"eltdf-elements-holder eltdf-two-columns eltdf-responsive-mode-1280 eltdf-one-column-alignment-left\" ><div class=\"eltdf-eh-item \"  data-item-class=\"eltdf-eh-custom-788134\" data-1280-1600=\"0px 8% 0px 8%\" data-1024-1280=\"0px 8% 0px 8%\" data-768-1024=\"0px 8% 0px 8%\" data-600-768=\"0px 8% 0px 8%\" data-480-600=\"0px 8% 0px 8%\" data-480=\"0px 8% 0px 8%\">\n\t<div class=\"eltdf-eh-item-inner\">\n\t\t<div class=\"eltdf-eh-item-content eltdf-eh-custom-788134\" style=\"padding: 0px 8% 0px 25%\">\n\t\t\t<div class=\"eltdf-bs-holder eltdf-bs-has-image eltdf-bs-image-left eltdf-fss-custom-868131\" style=\"padding: 500px 0px;margin: -170px 0px 15px 0px;background-image: url(https:\/\/lefrucom.com\/wp-content\/uploads\/2023\/05\/about-us-middle-image.jpg)\" data-item-class=\"eltdf-fss-custom-868131\">\n\t<div class=\"eltdf-container-inner eltdf-bs-content-inner eltdf-grid-row\">\n\t\t\t\t\t<div class='eltdf-bs-content-image eltdf-grid-col-6'>\n\t\t\t\t<img loading=\"lazy\" decoding=\"async\" width=\"1024\" height=\"1107\" src=\"https:\/\/lefrucom.com\/wp-content\/uploads\/2023\/05\/about-us-middle-image.jpg\" class=\"attachment-full size-full\" alt=\"\" srcset=\"https:\/\/lefrucom.com\/wp-content\/uploads\/2023\/05\/about-us-middle-image.jpg 1024w, https:\/\/lefrucom.com\/wp-content\/uploads\/2023\/05\/about-us-middle-image-278x300.jpg 278w, https:\/\/lefrucom.com\/wp-content\/uploads\/2023\/05\/about-us-middle-image-947x1024.jpg 947w, https:\/\/lefrucom.com\/wp-content\/uploads\/2023\/05\/about-us-middle-image-768x830.jpg 768w, https:\/\/lefrucom.com\/wp-content\/uploads\/2023\/05\/about-us-middle-image-600x649.jpg 600w\" sizes=\"auto, (max-width: 1024px) 100vw, 1024px\" \/>\t\t\t<\/div>\n\t\t\t\t<div class=\"eltdf-bs-content eltdf-grid-col-6 \">\n\t\t\t\t\t<\/div>\n\t<\/div>\n<\/div>\t\t<\/div>\n\t<\/div>\n<\/div><div class=\"eltdf-eh-item eltdf-vertical-alignment-top eltdf-grow-in\"  data-item-class=\"eltdf-eh-custom-624396\" data-animation=\"eltdf-grow-in\" data-1280-1600=\"0px 5% 0px 5%\" data-1024-1280=\"0px 5% 0px 5%\" data-768-1024=\"0px 5% 0px 5%\" data-600-768=\"0px 5% 0px 5%\" data-480-600=\"0px 5% 0px 5%\" data-480=\"0px 5% 0px 5%\">\n\t<div class=\"eltdf-eh-item-inner\">\n\t\t<div class=\"eltdf-eh-item-content eltdf-eh-custom-624396\" style=\"padding: 0px 35% 50px 0px\">\n\t\t\t<div class=\"eltdf-section-title-holder  \" style=\"text-align: center\">\n\t\t\t<h2 class=\"eltdf-st-title eltdf-title-center\" style=\"color: #618a49\">\n\t\t\t<span>Despre Noi<\/span>\n\t\t<\/h2>\n\t\t<\/div>[vc_column_text el_class=&#8221;p.eltdf-is-text&#8221; css=&#8221;.vc_custom_1773126216340{margin-bottom: 120px !important;}&#8221;]<span style=\"font-size: 17px;\"><strong>CINE SUNTEM<\/strong><\/span><\/p>\n<p>Suntem o mic\u0103 afacere de familie, amplasat\u0103 \u00een zona de nord a Republicii Moldova.<\/p>\n<p><strong>CE FACEM<\/strong><\/p>\n<p>Ne specializ\u0103m \u00een deshidratarea fructelor \u0219i legumelor, \u00eenvelirea fructelor \u00een ciocolat\u0103.<\/p>\n<p><strong>CUM A \u00ceNCEPUT TOTUL<\/strong><\/p>\n<p>Compania Lefrucom a fost fondat\u0103 \u00een 2007 la Soroca, Republica Moldova, activitatea de baz\u0103 fiind deshidratarea fructelor \u0219i legumelor.<\/p>\n<p>Conceptul proces\u0103rii fructelor \u0219i legumelor a survenit din necesitatea de a p\u0103stra produsele pe o perioad\u0103 mai \u00eendelungat\u0103 de timp.<\/p>\n<p>Amplasarea fabricii \u00een inima livezilor faciliteaz\u0103 ob\u021binerea materiei prime direct de la produc\u0103torii agricoli, astfel compania Lefrucom \u00ee\u0219i concentreaz\u0103 activitatea pe deshidratarea fructelor \u0219i legumelor care cresc anume \u00een Republica Moldova.[\/vc_column_text]\t\t<\/div>\n\t<\/div>\n<\/div><\/div>[\/vc_column][\/vc_row]<\/p>\n","protected":false},"excerpt":{"rendered":"<p>[vc_row css=&#8221;.vc_custom_1684749008302{padding-top: 50px !important;}&#8221;][vc_column][\/vc_column][\/vc_row][vc_row full_width=&#8221;stretch_row_content_no_spaces&#8221; simple_background_color=&#8221;#f9f9f9&#8243;][vc_column offset=&#8221;vc_hidden-sm vc_hidden-xs&#8221;][\/vc_column][\/vc_row][vc_row full_width=&#8221;stretch_row_content_no_spaces&#8221; simple_background_color=&#8221;#f9f9f9&#8243;][vc_column offset=&#8221;vc_hidden-lg vc_hidden-md&#8221;][\/vc_column][\/vc_row]<\/p>\n","protected":false},"author":1,"featured_media":0,"parent":0,"menu_order":0,"comment_status":"closed","ping_status":"closed","template":"","meta":{"inline_featured_image":false,"footnotes":""},"class_list":["post-14619","page","type-page","status-publish","hentry"],"_links":{"self":[{"href":"https:\/\/lefrucom.com\/ro\/wp-json\/wp\/v2\/pages\/14619","targetHints":{"allow":["GET"]}}],"collection":[{"href":"https:\/\/lefrucom.com\/ro\/wp-json\/wp\/v2\/pages"}],"about":[{"href":"https:\/\/lefrucom.com\/ro\/wp-json\/wp\/v2\/types\/page"}],"author":[{"embeddable":true,"href":"https:\/\/lefrucom.com\/ro\/wp-json\/wp\/v2\/users\/1"}],"replies":[{"embeddable":true,"href":"https:\/\/lefrucom.com\/ro\/wp-json\/wp\/v2\/comments?post=14619"}],"version-history":[{"count":8,"href":"https:\/\/lefrucom.com\/ro\/wp-json\/wp\/v2\/pages\/14619\/revisions"}],"predecessor-version":[{"id":15526,"href":"https:\/\/lefrucom.com\/ro\/wp-json\/wp\/v2\/pages\/14619\/revisions\/15526"}],"wp:attachment":[{"href":"https:\/\/lefrucom.com\/ro\/wp-json\/wp\/v2\/media?parent=14619"}],"curies":[{"name":"wp","href":"https:\/\/api.w.org\/{rel}","templated":true}]}}