{"id":13997,"date":"2023-04-13T23:28:10","date_gmt":"2023-04-13T20:28:10","guid":{"rendered":"https:\/\/lefrucom.com\/?page_id=13997"},"modified":"2023-06-08T12:41:01","modified_gmt":"2023-06-08T09:41:01","slug":"visine-in-ciocolata-alba","status":"publish","type":"page","link":"https:\/\/lefrucom.com\/ro\/visine-in-ciocolata-alba\/","title":{"rendered":"Vi\u0219ine \u00een ciocolat\u0103 alb\u0103"},"content":{"rendered":"<p>[vc_row][vc_column offset=&#8221;vc_hidden-lg vc_hidden-md&#8221; css=&#8221;.vc_custom_1685731914096{padding-right: 8% !important;padding-left: 8% !important;}&#8221;]<div class=\"eltdf-elements-holder eltdf-one-column eltdf-responsive-mode-768\" ><div class=\"eltdf-eh-item \"  data-item-class=\"eltdf-eh-custom-412526\">\n\t<div class=\"eltdf-eh-item-inner\">\n\t\t<div class=\"eltdf-eh-item-content eltdf-eh-custom-412526\" >\n\t\t\t<div class=\"eltdf-section-title-holder eltdf-separator-disabled \" style=\"text-align: center\">\n\t\t\t<h3 class=\"eltdf-st-title eltdf-title-center\" style=\"color: #618a49\">\n\t\t\t<span>DRAJEURI CU VI\u0218INE USCATE \u00ceN GLAZUR\u0102 DE COFET\u0102RIE ALB\u0102<\/span>\n\t\t<\/h3>\n\t\t<\/div>[vc_empty_space height=&#8221;50px&#8221;]\t\t<\/div>\n\t<\/div>\n<\/div><\/div>[vc_column_text]<br \/>\n[\/vc_column_text][\/vc_column][\/vc_row][vc_row css=&#8221;.vc_custom_1684664857254{margin-top: -50px !important;padding-top: 100px !important;}&#8221; simple_background_color=&#8221;#f9f9f9&#8243;][vc_column width=&#8221;1\/2&#8243;][\/vc_column][vc_column width=&#8221;1\/2&#8243; offset=&#8221;vc_hidden-sm vc_hidden-xs&#8221;]<div class=\"eltdf-elements-holder eltdf-one-column eltdf-responsive-mode-768\" ><div class=\"eltdf-eh-item \"  data-item-class=\"eltdf-eh-custom-616393\">\n\t<div class=\"eltdf-eh-item-inner\">\n\t\t<div class=\"eltdf-eh-item-content eltdf-eh-custom-616393\" style=\"padding: 5% 20% 25px 5%\">\n\t\t\t<div class=\"eltdf-section-title-holder  \" >\n\t\t\t<h2 class=\"eltdf-st-title \" style=\"color: #618a49\">\n\t\t\t<span>DRAJEURI CU VI\u0218INE USCATE \u00ceN GLAZUR\u0102 DE COFET\u0102RIE ALB\u0102<\/span>\n\t\t<\/h2>\n\t\t\t\t<p class=\"eltdf-st-text\" style=\"font-size: 20px\">100g | 200g<\/p>\n\t<\/div>\t\t<\/div>\n\t<\/div>\n<\/div><\/div>[\/vc_column][\/vc_row][vc_row css=&#8221;.vc_custom_1685820357185{padding-bottom: 110px !important;}&#8221;][vc_column offset=&#8221;vc_hidden-sm vc_hidden-xs&#8221;][vc_single_image image=&#8221;14955&#8243; img_size=&#8221;full&#8221;][\/vc_column][\/vc_row][vc_row][vc_column width=&#8221;1\/2&#8243; css=&#8221;.vc_custom_1685868175763{margin-top: -45% !important;padding-right: 20% !important;padding-bottom: 120px !important;padding-left: 20% !important;}&#8221;]<div class=\"eltdf-image-gallery eltdf-ig-carousel-type eltdf-image-behavior- \">\n\t<div class=\"eltdf-ig-slider eltdf-owl-slider\" data-number-of-items=\"1\" data-enable-loop=\"no\" data-enable-autoplay=\"no\" data-slider-speed=\"5000\" data-slider-speed-animation=\"600\" data-enable-navigation=\"yes\" data-enable-pagination=\"yes\">\n\t\t\t\t\t<div class=\"eltdf-ig-image\">\n\t\t\t\t\t\t\t\t\t<img loading=\"lazy\" decoding=\"async\" width=\"600\" height=\"800\" src=\"https:\/\/lefrucom.com\/wp-content\/uploads\/2023\/06\/VISINA_IN_CIOCOLATA_ALBA_TRIUNGHI_MARE.png\" class=\"attachment-full size-full\" alt=\"\" srcset=\"https:\/\/lefrucom.com\/wp-content\/uploads\/2023\/06\/VISINA_IN_CIOCOLATA_ALBA_TRIUNGHI_MARE.png 600w, https:\/\/lefrucom.com\/wp-content\/uploads\/2023\/06\/VISINA_IN_CIOCOLATA_ALBA_TRIUNGHI_MARE-225x300.png 225w\" sizes=\"auto, (max-width: 600px) 100vw, 600px\" \/>\t\t\t\t\t\t\t<\/div>\n\t\t\t\t\t<div class=\"eltdf-ig-image\">\n\t\t\t\t\t\t\t\t\t<img loading=\"lazy\" decoding=\"async\" width=\"600\" height=\"800\" src=\"https:\/\/lefrucom.com\/wp-content\/uploads\/2023\/06\/VISINA_IN_CIOCOLATA_ALBA_DREPTUNGHI_MIC.png\" class=\"attachment-full size-full\" alt=\"\" srcset=\"https:\/\/lefrucom.com\/wp-content\/uploads\/2023\/06\/VISINA_IN_CIOCOLATA_ALBA_DREPTUNGHI_MIC.png 600w, https:\/\/lefrucom.com\/wp-content\/uploads\/2023\/06\/VISINA_IN_CIOCOLATA_ALBA_DREPTUNGHI_MIC-225x300.png 225w\" sizes=\"auto, (max-width: 600px) 100vw, 600px\" \/>\t\t\t\t\t\t\t<\/div>\n\t\t\t<\/div>\n<\/div>[\/vc_column][vc_column width=&#8221;1\/2&#8243; css=&#8221;.vc_custom_1685820337693{margin-top: -100px !important;margin-bottom: 50px !important;}&#8221;]<div class=\"eltdf-elements-holder eltdf-one-column eltdf-responsive-mode-768\" ><div class=\"eltdf-eh-item \"  data-item-class=\"eltdf-eh-custom-147695\" data-1280-1600=\"0px 5% 0px 5%\" data-1024-1280=\"0px 5% 0px 5%\" data-768-1024=\"0px 5% 0px 5%\" data-600-768=\"0px 5% 0px 5%\" data-480-600=\"0px 5% 0px 5%\" data-480=\"0px 5% 0px 5%\">\n\t<div class=\"eltdf-eh-item-inner\">\n\t\t<div class=\"eltdf-eh-item-content eltdf-eh-custom-147695\" style=\"padding: 0px 25% 0px 5%;\">\n\t\t\t[vc_column_text]Vi\u0219inele uscate sunt o gustare delicioas\u0103 \u00eentre mese, dar c\u00e2nd acestea sunt acoperite cu ciocolat\u0103 neagr\u0103, distrac\u021bia gastronomic\u0103 abia \u00eencepe. Caracterul dulce fructat \u0219i suculent al vi\u0219inei rezult\u0103 \u00eentr-o explozie de gust de neegalat, \u00eenso\u021bit\u0103 de aroma ciocolatei crocante[\/vc_column_text][vc_empty_space height=&#8221;35px&#8221;]\t\t<\/div>\n\t<\/div>\n<\/div><\/div><div class=\"eltdf-elements-holder eltdf-one-column eltdf-responsive-mode-768 eltdf-one-column-alignment-center\" ><div class=\"eltdf-eh-item \"  data-item-class=\"eltdf-eh-custom-964649\" data-1280-1600=\"0px 5% 0px 5%\" data-1024-1280=\"0px 5% 0px 5%\" data-768-1024=\"0px 5% 0px 5%\" data-600-768=\"0px 5% 0px 5%\" data-480-600=\"0px 5% 0px 5%\" data-480=\"0px 5% 0px 5%\">\n\t<div class=\"eltdf-eh-item-inner\">\n\t\t<div class=\"eltdf-eh-item-content eltdf-eh-custom-964649\" style=\"padding: 0px 25% 0px 5%;\">\n\t\t\t<a itemprop=\"url\" href=\"https:\/\/lefrucom.com\/ro\/shop\/dragee\/visine-in-ciocolata-alba\/\" target=\"_self\"  class=\"eltdf-btn eltdf-btn-medium eltdf-btn-solid\"  >\n    <span class=\"eltdf-btn-text\">Cumpara Acum<\/span>\n    <\/a>\t\t<\/div>\n\t<\/div>\n<\/div><\/div>[\/vc_column][\/vc_row][vc_row row_content_width=&#8221;grid&#8221; css=&#8221;.vc_custom_1684663143433{padding-top: 50px !important;padding-bottom: 50px !important;}&#8221; simple_background_color=&#8221;#ffffff&#8221;][vc_column][vc_column_text]<strong>INGREDIENTE:<\/strong> vi\u0219ine uscate f\u0103r\u0103 s\u00e2mburi, glazur\u0103 de cofet\u0103rie alb\u0103 (zah\u0103r, gr\u0103simi vegetale rafinate \u0219i total hidrogenate (din s\u00e2mburi de palmier), lapte praf degresat, lapte praf integral, praf de zer ducle, emulgator: lecitin\u0103 de soia (E322), aromatizator identic natural: vanilin\u0103).<br \/>\n<strong>CONDI\u021aII DE P\u0102STRARE:<\/strong> la temperatura de la 15..21\u00b0C<\/p>\n<p><strong>UMIDITATE RELATIV\u0102:<\/strong> 75% max.<\/p>\n<p><strong>A SE CONSUMA P\u00c2N\u0102 L<\/strong>A: vezi pe ambalaj.<\/p>\n<p><strong>TERMEN DE VALABILITATE:<\/strong> 6 luni.<\/p>\n<p><span style=\"color: #ff0000;\"><strong>!ATEN\u021aIE: <\/strong><\/span><strong>Corpurile de fructe pot con\u021bine izolat s\u00e2mburi sau fragmente de s\u00e2mburi.<\/strong><\/p>\n<p><strong>Dreptunghi mic (100 gr): EAN &#8211; 4841434000817\u00a0 Pre\u021b: 35.00 MDL<br \/>\n<\/strong><strong>Triunghi mare (200 gr):\u00a0 EAN &#8211; 4841434000558\u00a0 Pre\u021b: 65.00 MDL<\/strong>[\/vc_column_text][\/vc_column][\/vc_row][vc_row row_content_width=&#8221;grid&#8221; simple_background_color=&#8221;#fafafa&#8221; css=&#8221;.vc_custom_1680634681606{padding-top: 50px !important;padding-bottom: 50px !important;}&#8221;][vc_column]<div class=\"eltdf-section-title-holder  \" style=\"text-align: center\">\n\t\t\t<h2 class=\"eltdf-st-title eltdf-title-center\" style=\"color: #618a49\">\n\t\t\t<span>Galerie<\/span>\n\t\t<\/h2>\n\t\t<\/div><div class=\"eltdf-image-gallery eltdf-ig-carousel-type eltdf-image-behavior-lightbox \">\n\t<div class=\"eltdf-ig-slider eltdf-owl-slider\" data-number-of-items=\"3\" data-enable-loop=\"yes\" data-enable-autoplay=\"yes\" data-slider-speed=\"5000\" data-slider-speed-animation=\"600\" data-enable-navigation=\"yes\" data-enable-pagination=\"yes\">\n\t\t\t\t\t<div class=\"eltdf-ig-image\">\n\t\t\t\t\t\t\t\t\t<a itemprop=\"image\" class=\"eltdf-ig-lightbox\" href=\"https:\/\/lefrucom.com\/wp-content\/uploads\/2023\/04\/9.-VISINA_IN_CIOCOLATA_ALBA002.jpg\" data-rel=\"prettyPhoto[image_gallery_pretty_photo-696]\" title=\"9.-VISINA_IN_CIOCOLATA_ALBA002\">\n\t\t\t\t\t\t\t\t\t<img loading=\"lazy\" decoding=\"async\" width=\"1000\" height=\"1000\" src=\"https:\/\/lefrucom.com\/wp-content\/uploads\/2023\/04\/9.-VISINA_IN_CIOCOLATA_ALBA002.jpg\" class=\"attachment-full size-full\" alt=\"\" srcset=\"https:\/\/lefrucom.com\/wp-content\/uploads\/2023\/04\/9.-VISINA_IN_CIOCOLATA_ALBA002.jpg 1000w, https:\/\/lefrucom.com\/wp-content\/uploads\/2023\/04\/9.-VISINA_IN_CIOCOLATA_ALBA002-300x300.jpg 300w, https:\/\/lefrucom.com\/wp-content\/uploads\/2023\/04\/9.-VISINA_IN_CIOCOLATA_ALBA002-150x150.jpg 150w, https:\/\/lefrucom.com\/wp-content\/uploads\/2023\/04\/9.-VISINA_IN_CIOCOLATA_ALBA002-768x768.jpg 768w, https:\/\/lefrucom.com\/wp-content\/uploads\/2023\/04\/9.-VISINA_IN_CIOCOLATA_ALBA002-550x550.jpg 550w, https:\/\/lefrucom.com\/wp-content\/uploads\/2023\/04\/9.-VISINA_IN_CIOCOLATA_ALBA002-600x600.jpg 600w, https:\/\/lefrucom.com\/wp-content\/uploads\/2023\/04\/9.-VISINA_IN_CIOCOLATA_ALBA002-100x100.jpg 100w\" sizes=\"auto, (max-width: 1000px) 100vw, 1000px\" \/>\t\t\t\t\t\t\t\t\t<\/a>\n\t\t\t\t\t\t\t<\/div>\n\t\t\t\t\t<div class=\"eltdf-ig-image\">\n\t\t\t\t\t\t\t\t\t<a itemprop=\"image\" class=\"eltdf-ig-lightbox\" href=\"https:\/\/lefrucom.com\/wp-content\/uploads\/2016\/12\/9.-VISINA_IN_CIOCOLATA_ALBA_DREPTUNGHI_MIC_1.jpg\" data-rel=\"prettyPhoto[image_gallery_pretty_photo-696]\" title=\"9.-VISINA_IN_CIOCOLATA_ALBA_DREPTUNGHI_MIC_1\">\n\t\t\t\t\t\t\t\t\t<img loading=\"lazy\" decoding=\"async\" width=\"1000\" height=\"1000\" src=\"https:\/\/lefrucom.com\/wp-content\/uploads\/2016\/12\/9.-VISINA_IN_CIOCOLATA_ALBA_DREPTUNGHI_MIC_1.jpg\" class=\"attachment-full size-full\" alt=\"\" srcset=\"https:\/\/lefrucom.com\/wp-content\/uploads\/2016\/12\/9.-VISINA_IN_CIOCOLATA_ALBA_DREPTUNGHI_MIC_1.jpg 1000w, https:\/\/lefrucom.com\/wp-content\/uploads\/2016\/12\/9.-VISINA_IN_CIOCOLATA_ALBA_DREPTUNGHI_MIC_1-300x300.jpg 300w, https:\/\/lefrucom.com\/wp-content\/uploads\/2016\/12\/9.-VISINA_IN_CIOCOLATA_ALBA_DREPTUNGHI_MIC_1-150x150.jpg 150w, https:\/\/lefrucom.com\/wp-content\/uploads\/2016\/12\/9.-VISINA_IN_CIOCOLATA_ALBA_DREPTUNGHI_MIC_1-768x768.jpg 768w, https:\/\/lefrucom.com\/wp-content\/uploads\/2016\/12\/9.-VISINA_IN_CIOCOLATA_ALBA_DREPTUNGHI_MIC_1-550x550.jpg 550w, https:\/\/lefrucom.com\/wp-content\/uploads\/2016\/12\/9.-VISINA_IN_CIOCOLATA_ALBA_DREPTUNGHI_MIC_1-600x600.jpg 600w, https:\/\/lefrucom.com\/wp-content\/uploads\/2016\/12\/9.-VISINA_IN_CIOCOLATA_ALBA_DREPTUNGHI_MIC_1-100x100.jpg 100w\" sizes=\"auto, (max-width: 1000px) 100vw, 1000px\" \/>\t\t\t\t\t\t\t\t\t<\/a>\n\t\t\t\t\t\t\t<\/div>\n\t\t\t\t\t<div class=\"eltdf-ig-image\">\n\t\t\t\t\t\t\t\t\t<a itemprop=\"image\" class=\"eltdf-ig-lightbox\" href=\"https:\/\/lefrucom.com\/wp-content\/uploads\/2016\/12\/9.-VISINA_IN_CIOCOLATA_ALBA_DREPTUNGHI_MIC_2.jpg\" data-rel=\"prettyPhoto[image_gallery_pretty_photo-696]\" title=\"9.-VISINA_IN_CIOCOLATA_ALBA_DREPTUNGHI_MIC_2\">\n\t\t\t\t\t\t\t\t\t<img loading=\"lazy\" decoding=\"async\" width=\"1000\" height=\"1000\" src=\"https:\/\/lefrucom.com\/wp-content\/uploads\/2016\/12\/9.-VISINA_IN_CIOCOLATA_ALBA_DREPTUNGHI_MIC_2.jpg\" class=\"attachment-full size-full\" alt=\"\" srcset=\"https:\/\/lefrucom.com\/wp-content\/uploads\/2016\/12\/9.-VISINA_IN_CIOCOLATA_ALBA_DREPTUNGHI_MIC_2.jpg 1000w, https:\/\/lefrucom.com\/wp-content\/uploads\/2016\/12\/9.-VISINA_IN_CIOCOLATA_ALBA_DREPTUNGHI_MIC_2-300x300.jpg 300w, https:\/\/lefrucom.com\/wp-content\/uploads\/2016\/12\/9.-VISINA_IN_CIOCOLATA_ALBA_DREPTUNGHI_MIC_2-150x150.jpg 150w, https:\/\/lefrucom.com\/wp-content\/uploads\/2016\/12\/9.-VISINA_IN_CIOCOLATA_ALBA_DREPTUNGHI_MIC_2-768x768.jpg 768w, https:\/\/lefrucom.com\/wp-content\/uploads\/2016\/12\/9.-VISINA_IN_CIOCOLATA_ALBA_DREPTUNGHI_MIC_2-550x550.jpg 550w, https:\/\/lefrucom.com\/wp-content\/uploads\/2016\/12\/9.-VISINA_IN_CIOCOLATA_ALBA_DREPTUNGHI_MIC_2-600x600.jpg 600w, https:\/\/lefrucom.com\/wp-content\/uploads\/2016\/12\/9.-VISINA_IN_CIOCOLATA_ALBA_DREPTUNGHI_MIC_2-100x100.jpg 100w\" sizes=\"auto, (max-width: 1000px) 100vw, 1000px\" \/>\t\t\t\t\t\t\t\t\t<\/a>\n\t\t\t\t\t\t\t<\/div>\n\t\t\t\t\t<div class=\"eltdf-ig-image\">\n\t\t\t\t\t\t\t\t\t<a itemprop=\"image\" class=\"eltdf-ig-lightbox\" href=\"https:\/\/lefrucom.com\/wp-content\/uploads\/2016\/12\/10.-VISINA_IN_CIOCOLATA_ALBA_TRIUNGHI_MARE_2.jpg\" data-rel=\"prettyPhoto[image_gallery_pretty_photo-696]\" title=\"10.-VISINA_IN_CIOCOLATA_ALBA_TRIUNGHI_MARE_2\">\n\t\t\t\t\t\t\t\t\t<img loading=\"lazy\" decoding=\"async\" width=\"1000\" height=\"1000\" src=\"https:\/\/lefrucom.com\/wp-content\/uploads\/2016\/12\/10.-VISINA_IN_CIOCOLATA_ALBA_TRIUNGHI_MARE_2.jpg\" class=\"attachment-full size-full\" alt=\"\" srcset=\"https:\/\/lefrucom.com\/wp-content\/uploads\/2016\/12\/10.-VISINA_IN_CIOCOLATA_ALBA_TRIUNGHI_MARE_2.jpg 1000w, https:\/\/lefrucom.com\/wp-content\/uploads\/2016\/12\/10.-VISINA_IN_CIOCOLATA_ALBA_TRIUNGHI_MARE_2-300x300.jpg 300w, https:\/\/lefrucom.com\/wp-content\/uploads\/2016\/12\/10.-VISINA_IN_CIOCOLATA_ALBA_TRIUNGHI_MARE_2-150x150.jpg 150w, https:\/\/lefrucom.com\/wp-content\/uploads\/2016\/12\/10.-VISINA_IN_CIOCOLATA_ALBA_TRIUNGHI_MARE_2-768x768.jpg 768w, https:\/\/lefrucom.com\/wp-content\/uploads\/2016\/12\/10.-VISINA_IN_CIOCOLATA_ALBA_TRIUNGHI_MARE_2-550x550.jpg 550w, https:\/\/lefrucom.com\/wp-content\/uploads\/2016\/12\/10.-VISINA_IN_CIOCOLATA_ALBA_TRIUNGHI_MARE_2-600x600.jpg 600w, https:\/\/lefrucom.com\/wp-content\/uploads\/2016\/12\/10.-VISINA_IN_CIOCOLATA_ALBA_TRIUNGHI_MARE_2-100x100.jpg 100w\" sizes=\"auto, (max-width: 1000px) 100vw, 1000px\" \/>\t\t\t\t\t\t\t\t\t<\/a>\n\t\t\t\t\t\t\t<\/div>\n\t\t\t\t\t<div class=\"eltdf-ig-image\">\n\t\t\t\t\t\t\t\t\t<a itemprop=\"image\" class=\"eltdf-ig-lightbox\" href=\"https:\/\/lefrucom.com\/wp-content\/uploads\/2023\/06\/VISINA_IN_CIOCOLATA_ALBA.jpg\" data-rel=\"prettyPhoto[image_gallery_pretty_photo-696]\" title=\"VISINA_IN_CIOCOLATA_ALBA\">\n\t\t\t\t\t\t\t\t\t<img loading=\"lazy\" decoding=\"async\" width=\"1000\" height=\"1000\" src=\"https:\/\/lefrucom.com\/wp-content\/uploads\/2023\/06\/VISINA_IN_CIOCOLATA_ALBA.jpg\" class=\"attachment-full size-full\" alt=\"\" srcset=\"https:\/\/lefrucom.com\/wp-content\/uploads\/2023\/06\/VISINA_IN_CIOCOLATA_ALBA.jpg 1000w, https:\/\/lefrucom.com\/wp-content\/uploads\/2023\/06\/VISINA_IN_CIOCOLATA_ALBA-300x300.jpg 300w, https:\/\/lefrucom.com\/wp-content\/uploads\/2023\/06\/VISINA_IN_CIOCOLATA_ALBA-150x150.jpg 150w, https:\/\/lefrucom.com\/wp-content\/uploads\/2023\/06\/VISINA_IN_CIOCOLATA_ALBA-768x768.jpg 768w, https:\/\/lefrucom.com\/wp-content\/uploads\/2023\/06\/VISINA_IN_CIOCOLATA_ALBA-550x550.jpg 550w, https:\/\/lefrucom.com\/wp-content\/uploads\/2023\/06\/VISINA_IN_CIOCOLATA_ALBA-600x600.jpg 600w, https:\/\/lefrucom.com\/wp-content\/uploads\/2023\/06\/VISINA_IN_CIOCOLATA_ALBA-100x100.jpg 100w\" sizes=\"auto, (max-width: 1000px) 100vw, 1000px\" \/>\t\t\t\t\t\t\t\t\t<\/a>\n\t\t\t\t\t\t\t<\/div>\n\t\t\t<\/div>\n<\/div>[\/vc_column][\/vc_row][vc_row][vc_column][vc_column_text]<\/p>\n<p>[\/vc_column_text][\/vc_column][\/vc_row]<\/p>\n","protected":false},"excerpt":{"rendered":"<p>[vc_row][vc_column offset=&#8221;vc_hidden-lg vc_hidden-md&#8221; css=&#8221;.vc_custom_1685731914096{padding-right: 8% !important;padding-left: 8% !important;}&#8221;][vc_column_text] [\/vc_column_text][\/vc_column][\/vc_row][vc_row css=&#8221;.vc_custom_1684664857254{margin-top: -50px !important;padding-top: 100px !important;}&#8221; simple_background_color=&#8221;#f9f9f9&#8243;][vc_column width=&#8221;1\/2&#8243;][\/vc_column][vc_column width=&#8221;1\/2&#8243; offset=&#8221;vc_hidden-sm vc_hidden-xs&#8221;][\/vc_column][\/vc_row][vc_row css=&#8221;.vc_custom_1685820357185{padding-bottom: 110px !important;}&#8221;][vc_column offset=&#8221;vc_hidden-sm vc_hidden-xs&#8221;][vc_single_image image=&#8221;14955&#8243; img_size=&#8221;full&#8221;][\/vc_column][\/vc_row][vc_row][vc_column width=&#8221;1\/2&#8243; css=&#8221;.vc_custom_1685868175763{margin-top: -45% !important;padding-right: 20% !important;padding-bottom: 120px !important;padding-left: 20% !important;}&#8221;][\/vc_column][vc_column width=&#8221;1\/2&#8243; css=&#8221;.vc_custom_1685820337693{margin-top: -100px !important;margin-bottom: [&hellip;]<\/p>\n","protected":false},"author":1,"featured_media":0,"parent":0,"menu_order":0,"comment_status":"closed","ping_status":"closed","template":"full-width.php","meta":{"inline_featured_image":false,"footnotes":""},"class_list":["post-13997","page","type-page","status-publish","hentry"],"_links":{"self":[{"href":"https:\/\/lefrucom.com\/ro\/wp-json\/wp\/v2\/pages\/13997","targetHints":{"allow":["GET"]}}],"collection":[{"href":"https:\/\/lefrucom.com\/ro\/wp-json\/wp\/v2\/pages"}],"about":[{"href":"https:\/\/lefrucom.com\/ro\/wp-json\/wp\/v2\/types\/page"}],"author":[{"embeddable":true,"href":"https:\/\/lefrucom.com\/ro\/wp-json\/wp\/v2\/users\/1"}],"replies":[{"embeddable":true,"href":"https:\/\/lefrucom.com\/ro\/wp-json\/wp\/v2\/comments?post=13997"}],"version-history":[{"count":19,"href":"https:\/\/lefrucom.com\/ro\/wp-json\/wp\/v2\/pages\/13997\/revisions"}],"predecessor-version":[{"id":15367,"href":"https:\/\/lefrucom.com\/ro\/wp-json\/wp\/v2\/pages\/13997\/revisions\/15367"}],"wp:attachment":[{"href":"https:\/\/lefrucom.com\/ro\/wp-json\/wp\/v2\/media?parent=13997"}],"curies":[{"name":"wp","href":"https:\/\/api.w.org\/{rel}","templated":true}]}}