{"id":13971,"date":"2023-04-12T23:37:36","date_gmt":"2023-04-12T20:37:36","guid":{"rendered":"https:\/\/lefrucom.com\/?page_id=13971"},"modified":"2023-06-07T14:51:49","modified_gmt":"2023-06-07T11:51:49","slug":"mere-in-ciocolata-cu-lapte-si-scortisoara","status":"publish","type":"page","link":"https:\/\/lefrucom.com\/ro\/mere-in-ciocolata-cu-lapte-si-scortisoara\/","title":{"rendered":"Mere \u00een ciocolat\u0103 cu lapte \u0219i scor\u021bi\u0219oar\u0103"},"content":{"rendered":"<p>[vc_row][vc_column offset=&#8221;vc_hidden-lg vc_hidden-md&#8221; css=&#8221;.vc_custom_1685731914096{padding-right: 8% !important;padding-left: 8% !important;}&#8221;]<div class=\"eltdf-elements-holder eltdf-one-column eltdf-responsive-mode-768\" ><div class=\"eltdf-eh-item \"  data-item-class=\"eltdf-eh-custom-968647\">\n\t<div class=\"eltdf-eh-item-inner\">\n\t\t<div class=\"eltdf-eh-item-content eltdf-eh-custom-968647\" >\n\t\t\t<div class=\"eltdf-section-title-holder eltdf-separator-disabled \" style=\"text-align: center\">\n\t\t\t<h3 class=\"eltdf-st-title eltdf-title-center\" style=\"color: #618a49\">\n\t\t\t<span>RONDELE DE MERE USCATE CU SCOR\u021aI\u0218OAR\u0102 \u00ceN GLAZUR\u0102 DE COFET\u0102RIE DE LAPTE<\/span>\n\t\t<\/h3>\n\t\t<\/div>[vc_empty_space height=&#8221;50px&#8221;]\t\t<\/div>\n\t<\/div>\n<\/div><\/div>[vc_column_text]<br \/>\n[\/vc_column_text][\/vc_column][\/vc_row][vc_row css=&#8221;.vc_custom_1684664857254{margin-top: -50px !important;padding-top: 100px !important;}&#8221; simple_background_color=&#8221;#f9f9f9&#8243;][vc_column width=&#8221;1\/2&#8243;][\/vc_column][vc_column width=&#8221;1\/2&#8243; offset=&#8221;vc_hidden-sm vc_hidden-xs&#8221;]<div class=\"eltdf-elements-holder eltdf-one-column eltdf-responsive-mode-768\" ><div class=\"eltdf-eh-item \"  data-item-class=\"eltdf-eh-custom-533328\">\n\t<div class=\"eltdf-eh-item-inner\">\n\t\t<div class=\"eltdf-eh-item-content eltdf-eh-custom-533328\" style=\"padding: 5% 20% 25px 5%\">\n\t\t\t<div class=\"eltdf-section-title-holder  \" >\n\t\t\t<h2 class=\"eltdf-st-title \" style=\"color: #618a49\">\n\t\t\t<span>RONDELE DE MERE USCATE CU SCOR\u021aI\u0218OAR\u0102 \u00ceN GLAZUR\u0102 DE COFET\u0102RIE DE LAPTE<\/span>\n\t\t<\/h2>\n\t\t\t\t<p class=\"eltdf-st-text\" style=\"font-size: 20px\">100g | 200g<\/p>\n\t<\/div>\t\t<\/div>\n\t<\/div>\n<\/div><\/div>[\/vc_column][\/vc_row][vc_row css=&#8221;.vc_custom_1685820357185{padding-bottom: 110px !important;}&#8221;][vc_column offset=&#8221;vc_hidden-sm vc_hidden-xs&#8221;][vc_single_image image=&#8221;14816&#8243; img_size=&#8221;full&#8221;][\/vc_column][\/vc_row][vc_row][vc_column width=&#8221;1\/2&#8243; css=&#8221;.vc_custom_1685868175763{margin-top: -45% !important;padding-right: 20% !important;padding-bottom: 120px !important;padding-left: 20% !important;}&#8221;]<div class=\"eltdf-image-gallery eltdf-ig-carousel-type eltdf-image-behavior- \">\n\t<div class=\"eltdf-ig-slider eltdf-owl-slider\" data-number-of-items=\"1\" data-enable-loop=\"no\" data-enable-autoplay=\"no\" data-slider-speed=\"5000\" data-slider-speed-animation=\"600\" data-enable-navigation=\"yes\" data-enable-pagination=\"yes\">\n\t\t\t\t\t<div class=\"eltdf-ig-image\">\n\t\t\t\t\t\t\t\t\t<img loading=\"lazy\" decoding=\"async\" width=\"600\" height=\"800\" src=\"https:\/\/lefrucom.com\/wp-content\/uploads\/2023\/06\/MERE_IN_CIOCOLATA_LAPTE_SCORTISOARA.png\" class=\"attachment-full size-full\" alt=\"\" srcset=\"https:\/\/lefrucom.com\/wp-content\/uploads\/2023\/06\/MERE_IN_CIOCOLATA_LAPTE_SCORTISOARA.png 600w, https:\/\/lefrucom.com\/wp-content\/uploads\/2023\/06\/MERE_IN_CIOCOLATA_LAPTE_SCORTISOARA-225x300.png 225w\" sizes=\"auto, (max-width: 600px) 100vw, 600px\" \/>\t\t\t\t\t\t\t<\/div>\n\t\t\t\t\t<div class=\"eltdf-ig-image\">\n\t\t\t\t\t\t\t\t\t<img loading=\"lazy\" decoding=\"async\" width=\"600\" height=\"800\" src=\"https:\/\/lefrucom.com\/wp-content\/uploads\/2023\/06\/MERE_IN_CIOCOLATA_LAPTE_SCORTISOARA_DREPTUNGHI_MARE.png\" class=\"attachment-full size-full\" alt=\"\" srcset=\"https:\/\/lefrucom.com\/wp-content\/uploads\/2023\/06\/MERE_IN_CIOCOLATA_LAPTE_SCORTISOARA_DREPTUNGHI_MARE.png 600w, https:\/\/lefrucom.com\/wp-content\/uploads\/2023\/06\/MERE_IN_CIOCOLATA_LAPTE_SCORTISOARA_DREPTUNGHI_MARE-225x300.png 225w\" sizes=\"auto, (max-width: 600px) 100vw, 600px\" \/>\t\t\t\t\t\t\t<\/div>\n\t\t\t<\/div>\n<\/div>[\/vc_column][vc_column width=&#8221;1\/2&#8243; css=&#8221;.vc_custom_1685820337693{margin-top: -100px !important;margin-bottom: 50px !important;}&#8221;]<div class=\"eltdf-elements-holder eltdf-one-column eltdf-responsive-mode-768\" ><div class=\"eltdf-eh-item \"  data-item-class=\"eltdf-eh-custom-719165\" data-1280-1600=\"0px 5% 0px 5%\" data-1024-1280=\"0px 5% 0px 5%\" data-768-1024=\"0px 5% 0px 5%\" data-600-768=\"0px 5% 0px 5%\" data-480-600=\"0px 5% 0px 5%\" data-480=\"0px 5% 0px 5%\">\n\t<div class=\"eltdf-eh-item-inner\">\n\t\t<div class=\"eltdf-eh-item-content eltdf-eh-custom-719165\" style=\"padding: 0px 25% 0px 5%;\">\n\t\t\t[vc_column_text]Dar de ce s\u0103 nu \u00eencerci merele dintr-un unghi complet diferit? Inelele de mere uscate, \u00eenvelite \u00een ciocolat\u0103 cu lapte sunt un deliciu care te face s\u0103 experimentezi senza\u021bii total diferite![\/vc_column_text][vc_empty_space height=&#8221;35px&#8221;]\t\t<\/div>\n\t<\/div>\n<\/div><\/div><div class=\"eltdf-elements-holder eltdf-one-column eltdf-responsive-mode-768 eltdf-one-column-alignment-center\" ><div class=\"eltdf-eh-item \"  data-item-class=\"eltdf-eh-custom-577812\" data-1280-1600=\"0px 5% 0px 5%\" data-1024-1280=\"0px 5% 0px 5%\" data-768-1024=\"0px 5% 0px 5%\" data-600-768=\"0px 5% 0px 5%\" data-480-600=\"0px 5% 0px 5%\" data-480=\"0px 5% 0px 5%\">\n\t<div class=\"eltdf-eh-item-inner\">\n\t\t<div class=\"eltdf-eh-item-content eltdf-eh-custom-577812\" style=\"padding: 0px 25% 0px 5%;\">\n\t\t\t<a itemprop=\"url\" href=\"https:\/\/lefrucom.com\/ro\/shop\/fruits-in-chocolate\/mere-in-ciocolata-cu-lapte-si-scortisoara\/\" target=\"_self\"  class=\"eltdf-btn eltdf-btn-medium eltdf-btn-solid\"  >\n    <span class=\"eltdf-btn-text\">Cumpara Acum<\/span>\n    <\/a>\t\t<\/div>\n\t<\/div>\n<\/div><\/div>[\/vc_column][\/vc_row][vc_row row_content_width=&#8221;grid&#8221; css=&#8221;.vc_custom_1684663143433{padding-top: 50px !important;padding-bottom: 50px !important;}&#8221; simple_background_color=&#8221;#ffffff&#8221;][vc_column][vc_column_text]<strong>INGREDIENTE:<\/strong> mere uscate rondele (antioxidant: metabisulfit de sodiu E223), glazur\u0103 de cofet\u0103rie de lapte (zah\u0103r, gr\u0103simi vegetale rafinate \u0219i total hidrogenate (din s\u00e2mburi de palmier), pudr\u0103 de cacao cu con\u021binut redus de gr\u0103sime, lapte praf, emulgator: lecitin\u0103 de soia (E322), aromatizator identic natural: vanilin\u0103. Poate con\u021bine urme de lapte \u0219i arahide), scor\u021bi\u0219oar\u0103.<\/p>\n<p><strong>CONDI\u021aII DE P\u0102STRARE:<\/strong> la temperatura de la 15..21\u00b0C<\/p>\n<p><strong>UMIDITATE RELATIV\u0102:<\/strong> 75% max.<\/p>\n<p><strong>A SE CONSUMA P\u00c2N\u0102 L<\/strong>A: vezi pe ambalaj.<\/p>\n<p><strong>TERMEN DE VALABILITATE:<\/strong> 6 luni.<\/p>\n<p><strong><span style=\"color: #ff0000;\">!ATEN\u021aIE:<\/span> <\/strong><strong>Corpurile de fructe pot con\u021bine izolat s\u00e2mburi sau fragmente de s\u00e2mburi.<\/strong><\/p>\n<p><strong>Dreptunghi mic\u00a0 \u00a0 (100 gr): EAN &#8211; 4841434000855\u00a0 \u00a0 Pre\u021b: 35.00 MDL<br \/>\nDreptunghi mare (200 gr): EAN &#8211; 4841434000497\u00a0 \u00a0Pre\u021b: 65.00 MDL<br \/>\n<\/strong>[\/vc_column_text][\/vc_column][\/vc_row][vc_row row_content_width=&#8221;grid&#8221; simple_background_color=&#8221;#fafafa&#8221; css=&#8221;.vc_custom_1680634681606{padding-top: 50px !important;padding-bottom: 50px !important;}&#8221;][vc_column]<div class=\"eltdf-section-title-holder  \" style=\"text-align: center\">\n\t\t\t<h2 class=\"eltdf-st-title eltdf-title-center\" style=\"color: #618a49\">\n\t\t\t<span>Galerie<\/span>\n\t\t<\/h2>\n\t\t<\/div><div class=\"eltdf-image-gallery eltdf-ig-carousel-type eltdf-image-behavior-lightbox \">\n\t<div class=\"eltdf-ig-slider eltdf-owl-slider\" data-number-of-items=\"3\" data-enable-loop=\"yes\" data-enable-autoplay=\"yes\" data-slider-speed=\"5000\" data-slider-speed-animation=\"600\" data-enable-navigation=\"yes\" data-enable-pagination=\"yes\">\n\t\t\t\t\t<div class=\"eltdf-ig-image\">\n\t\t\t\t\t\t\t\t\t<a itemprop=\"image\" class=\"eltdf-ig-lightbox\" href=\"https:\/\/lefrucom.com\/wp-content\/uploads\/2016\/12\/3.-MERE_IN_CIOCOLATA_LAPTE_SCORTISOARA_2.jpg\" data-rel=\"prettyPhoto[image_gallery_pretty_photo-226]\" title=\"3.-MERE_IN_CIOCOLATA_LAPTE_SCORTISOARA_2\">\n\t\t\t\t\t\t\t\t\t<img loading=\"lazy\" decoding=\"async\" width=\"1000\" height=\"1000\" src=\"https:\/\/lefrucom.com\/wp-content\/uploads\/2016\/12\/3.-MERE_IN_CIOCOLATA_LAPTE_SCORTISOARA_2.jpg\" class=\"attachment-full size-full\" alt=\"\" srcset=\"https:\/\/lefrucom.com\/wp-content\/uploads\/2016\/12\/3.-MERE_IN_CIOCOLATA_LAPTE_SCORTISOARA_2.jpg 1000w, https:\/\/lefrucom.com\/wp-content\/uploads\/2016\/12\/3.-MERE_IN_CIOCOLATA_LAPTE_SCORTISOARA_2-300x300.jpg 300w, https:\/\/lefrucom.com\/wp-content\/uploads\/2016\/12\/3.-MERE_IN_CIOCOLATA_LAPTE_SCORTISOARA_2-150x150.jpg 150w, https:\/\/lefrucom.com\/wp-content\/uploads\/2016\/12\/3.-MERE_IN_CIOCOLATA_LAPTE_SCORTISOARA_2-768x768.jpg 768w, https:\/\/lefrucom.com\/wp-content\/uploads\/2016\/12\/3.-MERE_IN_CIOCOLATA_LAPTE_SCORTISOARA_2-550x550.jpg 550w, https:\/\/lefrucom.com\/wp-content\/uploads\/2016\/12\/3.-MERE_IN_CIOCOLATA_LAPTE_SCORTISOARA_2-600x600.jpg 600w, https:\/\/lefrucom.com\/wp-content\/uploads\/2016\/12\/3.-MERE_IN_CIOCOLATA_LAPTE_SCORTISOARA_2-100x100.jpg 100w\" sizes=\"auto, (max-width: 1000px) 100vw, 1000px\" \/>\t\t\t\t\t\t\t\t\t<\/a>\n\t\t\t\t\t\t\t<\/div>\n\t\t\t\t\t<div class=\"eltdf-ig-image\">\n\t\t\t\t\t\t\t\t\t<a itemprop=\"image\" class=\"eltdf-ig-lightbox\" href=\"https:\/\/lefrucom.com\/wp-content\/uploads\/2016\/12\/4.-MERE_IN_CIOCOLATA_LAPTE_SCORTISOARA_DREPTUNGHI_MIC_1.jpg\" data-rel=\"prettyPhoto[image_gallery_pretty_photo-226]\" title=\"4.-MERE_IN_CIOCOLATA_LAPTE_SCORTISOARA_DREPTUNGHI_MIC_1\">\n\t\t\t\t\t\t\t\t\t<img loading=\"lazy\" decoding=\"async\" width=\"1000\" height=\"1000\" src=\"https:\/\/lefrucom.com\/wp-content\/uploads\/2016\/12\/4.-MERE_IN_CIOCOLATA_LAPTE_SCORTISOARA_DREPTUNGHI_MIC_1.jpg\" class=\"attachment-full size-full\" alt=\"\" srcset=\"https:\/\/lefrucom.com\/wp-content\/uploads\/2016\/12\/4.-MERE_IN_CIOCOLATA_LAPTE_SCORTISOARA_DREPTUNGHI_MIC_1.jpg 1000w, https:\/\/lefrucom.com\/wp-content\/uploads\/2016\/12\/4.-MERE_IN_CIOCOLATA_LAPTE_SCORTISOARA_DREPTUNGHI_MIC_1-300x300.jpg 300w, https:\/\/lefrucom.com\/wp-content\/uploads\/2016\/12\/4.-MERE_IN_CIOCOLATA_LAPTE_SCORTISOARA_DREPTUNGHI_MIC_1-150x150.jpg 150w, https:\/\/lefrucom.com\/wp-content\/uploads\/2016\/12\/4.-MERE_IN_CIOCOLATA_LAPTE_SCORTISOARA_DREPTUNGHI_MIC_1-768x768.jpg 768w, https:\/\/lefrucom.com\/wp-content\/uploads\/2016\/12\/4.-MERE_IN_CIOCOLATA_LAPTE_SCORTISOARA_DREPTUNGHI_MIC_1-550x550.jpg 550w, https:\/\/lefrucom.com\/wp-content\/uploads\/2016\/12\/4.-MERE_IN_CIOCOLATA_LAPTE_SCORTISOARA_DREPTUNGHI_MIC_1-600x600.jpg 600w, https:\/\/lefrucom.com\/wp-content\/uploads\/2016\/12\/4.-MERE_IN_CIOCOLATA_LAPTE_SCORTISOARA_DREPTUNGHI_MIC_1-100x100.jpg 100w\" sizes=\"auto, (max-width: 1000px) 100vw, 1000px\" \/>\t\t\t\t\t\t\t\t\t<\/a>\n\t\t\t\t\t\t\t<\/div>\n\t\t\t\t\t<div class=\"eltdf-ig-image\">\n\t\t\t\t\t\t\t\t\t<a itemprop=\"image\" class=\"eltdf-ig-lightbox\" href=\"https:\/\/lefrucom.com\/wp-content\/uploads\/2016\/12\/3.-MERE_IN_CIOCOLATA_LAPTE_SCORTISOARA_DREPTUNGHI_MARE_1.jpg\" data-rel=\"prettyPhoto[image_gallery_pretty_photo-226]\" title=\"3.-MERE_IN_CIOCOLATA_LAPTE_SCORTISOARA_DREPTUNGHI_MARE_1\">\n\t\t\t\t\t\t\t\t\t<img loading=\"lazy\" decoding=\"async\" width=\"1000\" height=\"1000\" src=\"https:\/\/lefrucom.com\/wp-content\/uploads\/2016\/12\/3.-MERE_IN_CIOCOLATA_LAPTE_SCORTISOARA_DREPTUNGHI_MARE_1.jpg\" class=\"attachment-full size-full\" alt=\"\" srcset=\"https:\/\/lefrucom.com\/wp-content\/uploads\/2016\/12\/3.-MERE_IN_CIOCOLATA_LAPTE_SCORTISOARA_DREPTUNGHI_MARE_1.jpg 1000w, https:\/\/lefrucom.com\/wp-content\/uploads\/2016\/12\/3.-MERE_IN_CIOCOLATA_LAPTE_SCORTISOARA_DREPTUNGHI_MARE_1-300x300.jpg 300w, https:\/\/lefrucom.com\/wp-content\/uploads\/2016\/12\/3.-MERE_IN_CIOCOLATA_LAPTE_SCORTISOARA_DREPTUNGHI_MARE_1-150x150.jpg 150w, https:\/\/lefrucom.com\/wp-content\/uploads\/2016\/12\/3.-MERE_IN_CIOCOLATA_LAPTE_SCORTISOARA_DREPTUNGHI_MARE_1-768x768.jpg 768w, https:\/\/lefrucom.com\/wp-content\/uploads\/2016\/12\/3.-MERE_IN_CIOCOLATA_LAPTE_SCORTISOARA_DREPTUNGHI_MARE_1-550x550.jpg 550w, https:\/\/lefrucom.com\/wp-content\/uploads\/2016\/12\/3.-MERE_IN_CIOCOLATA_LAPTE_SCORTISOARA_DREPTUNGHI_MARE_1-600x600.jpg 600w, https:\/\/lefrucom.com\/wp-content\/uploads\/2016\/12\/3.-MERE_IN_CIOCOLATA_LAPTE_SCORTISOARA_DREPTUNGHI_MARE_1-100x100.jpg 100w\" sizes=\"auto, (max-width: 1000px) 100vw, 1000px\" \/>\t\t\t\t\t\t\t\t\t<\/a>\n\t\t\t\t\t\t\t<\/div>\n\t\t\t\t\t<div class=\"eltdf-ig-image\">\n\t\t\t\t\t\t\t\t\t<a itemprop=\"image\" class=\"eltdf-ig-lightbox\" href=\"https:\/\/lefrucom.com\/wp-content\/uploads\/2016\/12\/4.-MERE_IN_CIOCOLATA_LAPTE_SCORTISOARA_DREPTUNGHI_MIC_2.jpg\" data-rel=\"prettyPhoto[image_gallery_pretty_photo-226]\" title=\"4.-MERE_IN_CIOCOLATA_LAPTE_SCORTISOARA_DREPTUNGHI_MIC_2\">\n\t\t\t\t\t\t\t\t\t<img loading=\"lazy\" decoding=\"async\" width=\"1000\" height=\"1000\" src=\"https:\/\/lefrucom.com\/wp-content\/uploads\/2016\/12\/4.-MERE_IN_CIOCOLATA_LAPTE_SCORTISOARA_DREPTUNGHI_MIC_2.jpg\" class=\"attachment-full size-full\" alt=\"\" srcset=\"https:\/\/lefrucom.com\/wp-content\/uploads\/2016\/12\/4.-MERE_IN_CIOCOLATA_LAPTE_SCORTISOARA_DREPTUNGHI_MIC_2.jpg 1000w, https:\/\/lefrucom.com\/wp-content\/uploads\/2016\/12\/4.-MERE_IN_CIOCOLATA_LAPTE_SCORTISOARA_DREPTUNGHI_MIC_2-300x300.jpg 300w, https:\/\/lefrucom.com\/wp-content\/uploads\/2016\/12\/4.-MERE_IN_CIOCOLATA_LAPTE_SCORTISOARA_DREPTUNGHI_MIC_2-150x150.jpg 150w, https:\/\/lefrucom.com\/wp-content\/uploads\/2016\/12\/4.-MERE_IN_CIOCOLATA_LAPTE_SCORTISOARA_DREPTUNGHI_MIC_2-768x768.jpg 768w, https:\/\/lefrucom.com\/wp-content\/uploads\/2016\/12\/4.-MERE_IN_CIOCOLATA_LAPTE_SCORTISOARA_DREPTUNGHI_MIC_2-550x550.jpg 550w, https:\/\/lefrucom.com\/wp-content\/uploads\/2016\/12\/4.-MERE_IN_CIOCOLATA_LAPTE_SCORTISOARA_DREPTUNGHI_MIC_2-600x600.jpg 600w, https:\/\/lefrucom.com\/wp-content\/uploads\/2016\/12\/4.-MERE_IN_CIOCOLATA_LAPTE_SCORTISOARA_DREPTUNGHI_MIC_2-100x100.jpg 100w\" sizes=\"auto, (max-width: 1000px) 100vw, 1000px\" \/>\t\t\t\t\t\t\t\t\t<\/a>\n\t\t\t\t\t\t\t<\/div>\n\t\t\t\t\t<div class=\"eltdf-ig-image\">\n\t\t\t\t\t\t\t\t\t<a itemprop=\"image\" class=\"eltdf-ig-lightbox\" href=\"https:\/\/lefrucom.com\/wp-content\/uploads\/2023\/06\/MERE_IN_CIOCOLATA_LAPTE_SCORTISOARA_DREPTUNGHI800x800.jpg\" data-rel=\"prettyPhoto[image_gallery_pretty_photo-226]\" title=\"MERE_IN_CIOCOLATA_LAPTE_SCORTISOARA_DREPTUNGHI800x800\">\n\t\t\t\t\t\t\t\t\t<img loading=\"lazy\" decoding=\"async\" width=\"1000\" height=\"1000\" src=\"https:\/\/lefrucom.com\/wp-content\/uploads\/2023\/06\/MERE_IN_CIOCOLATA_LAPTE_SCORTISOARA_DREPTUNGHI800x800.jpg\" class=\"attachment-full size-full\" alt=\"\" srcset=\"https:\/\/lefrucom.com\/wp-content\/uploads\/2023\/06\/MERE_IN_CIOCOLATA_LAPTE_SCORTISOARA_DREPTUNGHI800x800.jpg 1000w, https:\/\/lefrucom.com\/wp-content\/uploads\/2023\/06\/MERE_IN_CIOCOLATA_LAPTE_SCORTISOARA_DREPTUNGHI800x800-300x300.jpg 300w, https:\/\/lefrucom.com\/wp-content\/uploads\/2023\/06\/MERE_IN_CIOCOLATA_LAPTE_SCORTISOARA_DREPTUNGHI800x800-150x150.jpg 150w, https:\/\/lefrucom.com\/wp-content\/uploads\/2023\/06\/MERE_IN_CIOCOLATA_LAPTE_SCORTISOARA_DREPTUNGHI800x800-768x768.jpg 768w, https:\/\/lefrucom.com\/wp-content\/uploads\/2023\/06\/MERE_IN_CIOCOLATA_LAPTE_SCORTISOARA_DREPTUNGHI800x800-550x550.jpg 550w, https:\/\/lefrucom.com\/wp-content\/uploads\/2023\/06\/MERE_IN_CIOCOLATA_LAPTE_SCORTISOARA_DREPTUNGHI800x800-600x600.jpg 600w, https:\/\/lefrucom.com\/wp-content\/uploads\/2023\/06\/MERE_IN_CIOCOLATA_LAPTE_SCORTISOARA_DREPTUNGHI800x800-100x100.jpg 100w\" sizes=\"auto, (max-width: 1000px) 100vw, 1000px\" \/>\t\t\t\t\t\t\t\t\t<\/a>\n\t\t\t\t\t\t\t<\/div>\n\t\t\t<\/div>\n<\/div>[\/vc_column][\/vc_row][vc_row][vc_column][vc_column_text]<\/p>\n<p>[\/vc_column_text][\/vc_column][\/vc_row]<\/p>\n","protected":false},"excerpt":{"rendered":"<p>[vc_row][vc_column offset=&#8221;vc_hidden-lg vc_hidden-md&#8221; css=&#8221;.vc_custom_1685731914096{padding-right: 8% !important;padding-left: 8% !important;}&#8221;][vc_column_text] [\/vc_column_text][\/vc_column][\/vc_row][vc_row css=&#8221;.vc_custom_1684664857254{margin-top: -50px !important;padding-top: 100px !important;}&#8221; simple_background_color=&#8221;#f9f9f9&#8243;][vc_column width=&#8221;1\/2&#8243;][\/vc_column][vc_column width=&#8221;1\/2&#8243; offset=&#8221;vc_hidden-sm vc_hidden-xs&#8221;][\/vc_column][\/vc_row][vc_row css=&#8221;.vc_custom_1685820357185{padding-bottom: 110px !important;}&#8221;][vc_column offset=&#8221;vc_hidden-sm vc_hidden-xs&#8221;][vc_single_image image=&#8221;14816&#8243; img_size=&#8221;full&#8221;][\/vc_column][\/vc_row][vc_row][vc_column width=&#8221;1\/2&#8243; css=&#8221;.vc_custom_1685868175763{margin-top: -45% !important;padding-right: 20% !important;padding-bottom: 120px !important;padding-left: 20% !important;}&#8221;][\/vc_column][vc_column width=&#8221;1\/2&#8243; css=&#8221;.vc_custom_1685820337693{margin-top: -100px !important;margin-bottom: [&hellip;]<\/p>\n","protected":false},"author":1,"featured_media":0,"parent":0,"menu_order":0,"comment_status":"closed","ping_status":"closed","template":"full-width.php","meta":{"inline_featured_image":false,"footnotes":""},"class_list":["post-13971","page","type-page","status-publish","hentry"],"_links":{"self":[{"href":"https:\/\/lefrucom.com\/ro\/wp-json\/wp\/v2\/pages\/13971","targetHints":{"allow":["GET"]}}],"collection":[{"href":"https:\/\/lefrucom.com\/ro\/wp-json\/wp\/v2\/pages"}],"about":[{"href":"https:\/\/lefrucom.com\/ro\/wp-json\/wp\/v2\/types\/page"}],"author":[{"embeddable":true,"href":"https:\/\/lefrucom.com\/ro\/wp-json\/wp\/v2\/users\/1"}],"replies":[{"embeddable":true,"href":"https:\/\/lefrucom.com\/ro\/wp-json\/wp\/v2\/comments?post=13971"}],"version-history":[{"count":12,"href":"https:\/\/lefrucom.com\/ro\/wp-json\/wp\/v2\/pages\/13971\/revisions"}],"predecessor-version":[{"id":15294,"href":"https:\/\/lefrucom.com\/ro\/wp-json\/wp\/v2\/pages\/13971\/revisions\/15294"}],"wp:attachment":[{"href":"https:\/\/lefrucom.com\/ro\/wp-json\/wp\/v2\/media?parent=13971"}],"curies":[{"name":"wp","href":"https:\/\/api.w.org\/{rel}","templated":true}]}}